{"id":11,"date":"2017-02-05T19:03:59","date_gmt":"2017-02-06T00:03:59","guid":{"rendered":"http:\/\/thatallmayread.ca\/?page_id=11"},"modified":"2017-09-06T11:16:04","modified_gmt":"2017-09-06T15:16:04","slug":"marion-robinson","status":"publish","type":"page","link":"https:\/\/thatallmayread.ca\/fr\/explore-history\/introduction-birth-of-a-library\/marion-robinson\/","title":{"rendered":"Fondation de la Canadian Free Library for the Blind"},"content":{"rendered":"En automne\u00a01906, EBF (Bert) Robinson a convoqu\u00e9 une r\u00e9union. Les participants \u00e9taient des hommes et des femmes aveugles de Toronto. La mission\u00a0: mettre en place une biblioth\u00e8que de pr\u00eat afin de fournir aux Canadiens aveugles du mat\u00e9riel de lecture imprim\u00e9 en relief. Elle serait nomm\u00e9e la Canadian Free Library for the Blind.\u00a0[D1]\n<p>Bert Robinson et ses coll\u00e8gues savaient que la Biblioth\u00e8que allait r\u00e9pondre \u00e0 un grand besoin. Les livres imprim\u00e9s en relief repr\u00e9sentaient beaucoup de volumes. La plupart des lecteurs aveugles n\u2019avaient pas les moyens de les acheter. Les quelques biblioth\u00e8ques accessibles qui existaient se trouvaient dans les \u00e9coles pour les personnes aveugles et, par cons\u00e9quent, elles \u00e9taient destin\u00e9es aux jeunes \u00e9tudiants. Les adultes qui souhaitaient lire aux fins d\u2019\u00e9ducation ou par plaisir \u00e9taient laiss\u00e9s pour compte, en l\u2019absence d\u2019une aide importante du priv\u00e9.<\/p>\n<p>La Biblioth\u00e8que a commenc\u00e9 ses activit\u00e9s avec une constitution officielle du minist\u00e8re de l\u2019\u00c9ducation de l\u2019Ontario et une subvention de\u00a0200\u00a0$. La Biblioth\u00e8que comprenait 75\u00a0volumes, principalement de la collection personnelle du fondateur Bert Robinson, et desservait 26\u00a0membres.<\/p>\n[Q1] [S2,3,4] Marion\u00a0Robinson, la femme de Bert, a fourni un compte rendu de son r\u00f4le dans la cr\u00e9ation de la CFLB au cours d\u2019un \u00e9v\u00e9nement soulignant le\u00a050<sup>e<\/sup>\u00a0anniversaire de la Biblioth\u00e8que en 1956. Comme elle l\u2019avait expliqu\u00e9, elle \u00e9tait une jeune enseignante \u00e0 l\u2019\u00e9cole publique de Markham. Bert Robinson agissait \u00e0 titre de membre de la commission scolaire et il \u00e9tait venu rendre visite \u00e0 la nouvelle enseignante. Peu de temps apr\u00e8s, ils se fian\u00e7aient . \u00ab\u00a0Il m\u2019avait dit qu\u2019il avait ce r\u00eave d\u2019\u00e9tablir une biblioth\u00e8que qu\u2019il ne pouvait pas r\u00e9aliser seul, et\u2026 il m\u2019a convaincue de devancer d\u2019environ deux\u00a0ans la date de mariage que j\u2019avais pr\u00e9vue. Nous nous sommes install\u00e9s et nous avons organis\u00e9 la biblioth\u00e8que simultan\u00e9ment dans un emplacement temporaire situ\u00e9 dans la maison du Dr Robinson.\u00a0\u00bb<\/p>\n[P1] Contrairement \u00e0 son mari, Marion pouvait voir. Elle a aid\u00e9 Bert \u00e0 enrichir la collection; elle dictait et il imprimait. Elle a appris le syst\u00e8me d\u2019impression tactile que Bert utilisait et a copi\u00e9 des histoires publi\u00e9es dans des magazines pour ajouter du mat\u00e9riel.<\/p>\n<p>Dans la collection, les lecteurs avaient acc\u00e8s \u00e0 des biographies et \u00e0 des textes sur l\u2019histoire, la po\u00e9sie, la religion et la science, ainsi qu\u2019\u00e0 des livres de r\u00e9f\u00e9rence, en\u00a0anglais, en fran\u00e7ais, en allemand et en italien. Environ la moiti\u00e9 des titres \u00e9taient des ouvrages de fiction (classiques et populaires).<\/p>\n<p>\u00c0 la fin d\u2019octobre\u00a01908, Bert \u00a0est rentr\u00e9 chez lui apr\u00e8s une semaine de travail \u00e0 Toronto, se plaignant de ne pas se sentir bien. Il est mort une semaine plus tard, le\u00a07\u00a0novembre\u00a01908. La CFLB avait ouvert ses portes depuis un an seulement. Sa mort pr\u00e9matur\u00e9e en\u00a01908 aurait pu mettre fin au projet. Cependant, gr\u00e2ce \u00e0 Marion, le flambeau a \u00e9t\u00e9 pass\u00e9 et la flamme est rest\u00e9e allum\u00e9e.<\/p>\n<p>&nbsp;","protected":false},"excerpt":{"rendered":"En automne\u00a01906, EBF (Bert) Robinson a convoqu\u00e9 une r\u00e9union. Les participants \u00e9taient des hommes et des femmes aveugles de Toronto. La mission\u00a0: mettre en place une biblioth\u00e8que de pr\u00eat afin de fournir aux Canadiens aveugles du mat\u00e9riel de lecture imprim\u00e9 en relief. Elle serait nomm\u00e9e la Canadian Free Library for the Blind.\u00a0[D1] Bert Robinson et&#8230; <a class=\"view-article\" href=\"https:\/\/thatallmayread.ca\/fr\/explore-history\/introduction-birth-of-a-library\/marion-robinson\/\">View Article<\/a>","protected":false},"author":1,"featured_media":0,"parent":6,"menu_order":2,"comment_status":"closed","ping_status":"closed","template":"","meta":{"_acf_changed":false,"footnotes":""},"class_list":["post-11","page","type-page","status-publish","hentry"],"acf":[],"_links":{"self":[{"href":"https:\/\/thatallmayread.ca\/fr\/wp-json\/wp\/v2\/pages\/11","targetHints":{"allow":["GET"]}}],"collection":[{"href":"https:\/\/thatallmayread.ca\/fr\/wp-json\/wp\/v2\/pages"}],"about":[{"href":"https:\/\/thatallmayread.ca\/fr\/wp-json\/wp\/v2\/types\/page"}],"author":[{"embeddable":true,"href":"https:\/\/thatallmayread.ca\/fr\/wp-json\/wp\/v2\/users\/1"}],"replies":[{"embeddable":true,"href":"https:\/\/thatallmayread.ca\/fr\/wp-json\/wp\/v2\/comments?post=11"}],"version-history":[{"count":58,"href":"https:\/\/thatallmayread.ca\/fr\/wp-json\/wp\/v2\/pages\/11\/revisions"}],"predecessor-version":[{"id":2012,"href":"https:\/\/thatallmayread.ca\/fr\/wp-json\/wp\/v2\/pages\/11\/revisions\/2012"}],"up":[{"embeddable":true,"href":"https:\/\/thatallmayread.ca\/fr\/wp-json\/wp\/v2\/pages\/6"}],"wp:attachment":[{"href":"https:\/\/thatallmayread.ca\/fr\/wp-json\/wp\/v2\/media?parent=11"}],"curies":[{"name":"wp","href":"https:\/\/api.w.org\/{rel}","templated":true}]}}