{"id":135,"date":"2017-03-02T09:47:19","date_gmt":"2017-03-02T14:47:19","guid":{"rendered":"http:\/\/thatallmayread.ca\/?page_id=135"},"modified":"2017-09-06T14:21:05","modified_gmt":"2017-09-06T18:21:05","slug":"edwin-a-baker","status":"publish","type":"page","link":"https:\/\/thatallmayread.ca\/fr\/explore-history\/wwi-cnib\/edwin-a-baker\/","title":{"rendered":"Edwin A. Baker"},"content":{"rendered":"[Q1][P2] E.A. Baker \u00e9tait vou\u00e9 \u00e0 un avenir brillant, avant que son service en temps de guerre ne change le cours de sa vie. Le dirigeant d\u2019INCA en devenir est n\u00e9 dans une maison de ferme en pierre, en 1893, pr\u00e8s de Kingston en Ontario, et a obtenu un dipl\u00f4me en g\u00e9nie \u00e9lectrique de Queen\u2019s University. Baker s\u2019est enr\u00f4l\u00e9 dans le 6<sup>e<\/sup>\u00a0Escadron de g\u00e9nie du Corps exp\u00e9ditionnaire canadien en f\u00e9vrier\u00a01915. Huit mois plus tard, le jeune homme de 22\u00a0ans a p\u00e9n\u00e9tr\u00e9 dans une tranch\u00e9e qui avait \u00e9t\u00e9 partiellement remplie et a imm\u00e9diatement reconnu le danger. \u00ab\u00a0Je me suis retrouv\u00e9 la t\u00eate et les \u00e9paules au-dessus de la tranch\u00e9e. Un obus \u00e9clairant allemand avait illumin\u00e9 le paysage d\u00e9sol\u00e9\u2026 Je me souviens de m\u2019\u00eatre demand\u00e9 si l\u2019ennemi pouvait nous voir. Je pense que la derni\u00e8re chose que j\u2019ai vue \u00e9tait cet obus \u00e9clairant brillant qui flottait, puisque, pendant que je le regardais, une balle a fracass\u00e9 la vo\u00fbte de mon nez et m\u2019a laiss\u00e9 \u00e0 la merci de l\u2019obscurit\u00e9 et de mes amis\u00a0\u00bb.<\/p>\n<p>Baker est all\u00e9 au foyer St. Dunstan \u00e0 Londres pour sa r\u00e9adaptation. L\u2019exp\u00e9rience qu\u2019il a acquise \u00e0 St. Dunstan a \u00e9t\u00e9 une le\u00e7on de philosophie de la vie qui a influenc\u00e9 son travail ult\u00e9rieur \u00e0 la barre d\u2019INCA. Il s\u2019agissait d\u2019une philosophie d\u2019autonomie\u00a0: s\u2019il\u00a0<em>pouvait<\/em>\u00a0le faire seul, alors il\u00a0<em>devrait<\/em>\u00a0le faire. \u00c0 St. Dunstan, la formation et les \u00e9tudes de Baker comprenaient le braille, la dactylographie et l\u2019administration des affaires. \u00b8\u00c0 des fins r\u00e9cr\u00e9atives, il a pratiqu\u00e9 l\u2019escrime et la godille. Gr\u00e2ce \u00e0 ces exp\u00e9riences, Baker a d\u00e9velopp\u00e9 sa confiance et sa croyance fondamentale en l\u2019ind\u00e9pendance pour les personnes ayant une perte de vision.<\/p>\n[P1] Baker est retourn\u00e9 au Canada en septembre\u00a01916 et il a trouv\u00e9 un emploi comme audiotypiste, r\u00e9digeant et transcrivant des rapports de probl\u00e8mes sur le terrain \u00e0 l\u2019<em>Ontario Hydro Electric Power Commission<\/em>\u00a0\u00e0 Toronto. Il s\u2019est rapidement impliqu\u00e9 dans les travaux pour les personnes vivant avec une perte de vision au Canada en pronon\u00e7ant des discours dans le cadre d\u2019\u00e9v\u00e9nements de collecte de fonds et de rassemblements pour les obligations de la Victoire, et en se joignant au conseil de la Canadian Free Library for the Blind. Il \u00e9tait tr\u00e8s conscient que le Canada n\u2019\u00e9tait pas pr\u00e9par\u00e9 au retour des soldats aveugles bless\u00e9s de guerre et savait que de meilleurs services \u00e9taient requis. \u00c0 l\u2019\u00e2ge de 25\u00a0ans, en 1918, Baker a \u00e9t\u00e9 nomm\u00e9 \u00e0 un poste du gouvernement pour prendre en charge le programme de postcure destin\u00e9 aux soldats aveugles canadiens.<\/p>\n<p>Baker et six autres Canadiens vivant avec une perte de vision ont \u00e9t\u00e9 les fondateurs d\u2019INCA. Baker a tenu les r\u00eanes de l\u2019organisme pendant quatre d\u00e9cennies. Un homme d\u2019une \u00e9nergie apparemment in\u00e9puisable, il a eu une vaste carri\u00e8re, amor\u00e7ant des projets de soins et de traitements oculaires au Canada et par l\u2019interm\u00e9diaire du Conseil mondial pour le Bien-\u00eatre des aveugles, et en si\u00e9geant sur les conseils de beaucoup de fondations et d\u2019associations. En 1967, cinq mois avant sa mort, il est devenu Compagnon de l\u2019Ordre du Canada, \u00ab\u00a0pour son travail de pionnier dans l\u2019\u00e9laboration de formations et d\u2019arrangements de postcure pour les Canadiens ayant une perte de vision\u00a0\u00bb.","protected":false},"excerpt":{"rendered":"[Q1][P2] E.A. Baker \u00e9tait vou\u00e9 \u00e0 un avenir brillant, avant que son service en temps de guerre ne change le cours de sa vie. Le dirigeant d\u2019INCA en devenir est n\u00e9 dans une maison de ferme en pierre, en 1893, pr\u00e8s de Kingston en Ontario, et a obtenu un dipl\u00f4me en g\u00e9nie \u00e9lectrique de Queen\u2019s&#8230; <a class=\"view-article\" href=\"https:\/\/thatallmayread.ca\/fr\/explore-history\/wwi-cnib\/edwin-a-baker\/\">View Article<\/a>","protected":false},"author":3,"featured_media":0,"parent":32,"menu_order":2,"comment_status":"closed","ping_status":"closed","template":"","meta":{"_acf_changed":false,"footnotes":""},"class_list":["post-135","page","type-page","status-publish","hentry"],"acf":[],"_links":{"self":[{"href":"https:\/\/thatallmayread.ca\/fr\/wp-json\/wp\/v2\/pages\/135","targetHints":{"allow":["GET"]}}],"collection":[{"href":"https:\/\/thatallmayread.ca\/fr\/wp-json\/wp\/v2\/pages"}],"about":[{"href":"https:\/\/thatallmayread.ca\/fr\/wp-json\/wp\/v2\/types\/page"}],"author":[{"embeddable":true,"href":"https:\/\/thatallmayread.ca\/fr\/wp-json\/wp\/v2\/users\/3"}],"replies":[{"embeddable":true,"href":"https:\/\/thatallmayread.ca\/fr\/wp-json\/wp\/v2\/comments?post=135"}],"version-history":[{"count":30,"href":"https:\/\/thatallmayread.ca\/fr\/wp-json\/wp\/v2\/pages\/135\/revisions"}],"predecessor-version":[{"id":2022,"href":"https:\/\/thatallmayread.ca\/fr\/wp-json\/wp\/v2\/pages\/135\/revisions\/2022"}],"up":[{"embeddable":true,"href":"https:\/\/thatallmayread.ca\/fr\/wp-json\/wp\/v2\/pages\/32"}],"wp:attachment":[{"href":"https:\/\/thatallmayread.ca\/fr\/wp-json\/wp\/v2\/media?parent=135"}],"curies":[{"name":"wp","href":"https:\/\/api.w.org\/{rel}","templated":true}]}}