{"id":142,"date":"2017-03-02T09:49:55","date_gmt":"2017-03-02T14:49:55","guid":{"rendered":"http:\/\/thatallmayread.ca\/?page_id=142"},"modified":"2017-09-06T15:11:37","modified_gmt":"2017-09-06T19:11:37","slug":"the-library-and-the-birth-of-the-cnib","status":"publish","type":"page","link":"https:\/\/thatallmayread.ca\/fr\/explore-history\/wwi-cnib\/the-library-and-the-birth-of-the-cnib\/","title":{"rendered":"Biblioth\u00e8que et la naissance d\u2019INCA"},"content":{"rendered":"[P1] En 1917, la CFLB \u00e9tait pr\u00eate \u00e0 jouer un r\u00f4le plus important dans la vie des Canadiens ayant une perte de vision. Elle \u00e9tait d\u00e9j\u00e0 plus qu\u2019une biblioth\u00e8que de pr\u00eat, offrant une formation de l\u2019impression en relief et de la dactylographie et fournissant des instruments de communication au co\u00fbt, et m\u00eame des services d\u2019emplois. Le nouvel emplacement de la CFLB au 142, rue College avait de l\u2019espace pour la formation et la r\u00e9adaptation et offrait un lieu de rencontre aux soldats ayant perdu la vue \u00e0 l\u2019\u00e9tranger. [P2]\n[P3]Les activit\u00e9s de bienfaisance en temps de guerre avaient renforc\u00e9 les efforts de collecte de fonds, comme ceux men\u00e9s par le\u00a0<em>Women\u2019s Musical\u00a0Club of Toronto<\/em>, le\u00a0<em>Teacher\u2019s Franchise League<\/em>, le\u00a0<em>Blind Aid Committee of the War Relief Fund<\/em> et le\u00a0<em>Barrie Soldiers\u00a0\u00bb Aid<\/em><em>. T<\/em>ous ces organismes ont fait des dons en argent \u00e0 la Biblioth\u00e8que. La CFLB avait m\u00eame un nouveau nom\u00a0: la Canadian National Library for the Blind (CNLB).<\/p>\n[Q1] [D1] Cette convergence d\u2019int\u00e9r\u00eats et de ressources a attir\u00e9 l\u2019attention du conseil de la Biblioth\u00e8que sur les besoins globaux des Canadiens ayant une perte de vision, tant les civils que les bless\u00e9s de guerre. Le biblioth\u00e9caire de la CNLB, Sherman Swift, a \u00e9crit ceci dans son rapport annuel du secr\u00e9taire de\u00a01\u00a0917\u00a0: \u00ab\u00a0Le d\u00e9sir d\u2019\u00e9tablir un organisme \u00e0 caract\u00e8re v\u00e9ritablement national dont le devoir sera de coordonner les efforts, d\u2019emp\u00eacher le chevauchement, de conserver l\u2019\u00e9nergie, de rendre possible un libre \u00e9change d\u2019id\u00e9es, d\u2019assurer la l\u00e9gislation n\u00e9cessaire et de recueillir des fonds pour l\u2019assistance de la cause dans toutes les parties du Dominion, est dor\u00e9navant \u00e9vident\u00a0\u00bb.<\/p>\n[D2] Les personnes connues comme les fondateurs d\u2019INCA faisaient toutes partie du conseil d\u2019administration de la Biblioth\u00e8que. Ils ont pass\u00e9 une ann\u00e9e \u00e0 planifier et \u00e0 r\u00e9diger une constitution, ainsi qu\u2019\u00e0 consulter les divers organismes connexes qui avaient pignon sur rue dans l\u2019ensemble du Canada. Le 30\u00a0mars\u00a01918, l\u2019Institut national canadien pour les aveugles s\u2019est formellement incorpor\u00e9. Huit mois plus tard, la Biblioth\u00e8que est devenue le Service de biblioth\u00e8que et de publication d\u2019INCA, \u00ab\u00a0son propre enfant\u00a0\u00bb comme l\u2019avait nomm\u00e9 Swift. \u00c0 l\u2019\u00e9poque, tous les membres de la Biblioth\u00e8que, c\u2019est-\u00e0-dire environ 600\u00a0personnes, sont devenus automatiquement membres d\u2019INCA.","protected":false},"excerpt":{"rendered":"[P1] En 1917, la CFLB \u00e9tait pr\u00eate \u00e0 jouer un r\u00f4le plus important dans la vie des Canadiens ayant une perte de vision. Elle \u00e9tait d\u00e9j\u00e0 plus qu\u2019une biblioth\u00e8que de pr\u00eat, offrant une formation de l\u2019impression en relief et de la dactylographie et fournissant des instruments de communication au co\u00fbt, et m\u00eame des services d\u2019emplois&#8230;. <a class=\"view-article\" href=\"https:\/\/thatallmayread.ca\/fr\/explore-history\/wwi-cnib\/the-library-and-the-birth-of-the-cnib\/\">View Article<\/a>","protected":false},"author":3,"featured_media":0,"parent":32,"menu_order":3,"comment_status":"closed","ping_status":"closed","template":"","meta":{"_acf_changed":false,"footnotes":""},"class_list":["post-142","page","type-page","status-publish","hentry"],"acf":[],"_links":{"self":[{"href":"https:\/\/thatallmayread.ca\/fr\/wp-json\/wp\/v2\/pages\/142","targetHints":{"allow":["GET"]}}],"collection":[{"href":"https:\/\/thatallmayread.ca\/fr\/wp-json\/wp\/v2\/pages"}],"about":[{"href":"https:\/\/thatallmayread.ca\/fr\/wp-json\/wp\/v2\/types\/page"}],"author":[{"embeddable":true,"href":"https:\/\/thatallmayread.ca\/fr\/wp-json\/wp\/v2\/users\/3"}],"replies":[{"embeddable":true,"href":"https:\/\/thatallmayread.ca\/fr\/wp-json\/wp\/v2\/comments?post=142"}],"version-history":[{"count":33,"href":"https:\/\/thatallmayread.ca\/fr\/wp-json\/wp\/v2\/pages\/142\/revisions"}],"predecessor-version":[{"id":2031,"href":"https:\/\/thatallmayread.ca\/fr\/wp-json\/wp\/v2\/pages\/142\/revisions\/2031"}],"up":[{"embeddable":true,"href":"https:\/\/thatallmayread.ca\/fr\/wp-json\/wp\/v2\/pages\/32"}],"wp:attachment":[{"href":"https:\/\/thatallmayread.ca\/fr\/wp-json\/wp\/v2\/media?parent=142"}],"curies":[{"name":"wp","href":"https:\/\/api.w.org\/{rel}","templated":true}]}}