{"id":1459,"date":"2017-07-09T14:25:06","date_gmt":"2017-07-09T18:25:06","guid":{"rendered":"http:\/\/thatallmayread.ca\/?page_id=1459"},"modified":"2018-02-17T07:29:51","modified_gmt":"2018-02-17T12:29:51","slug":"credits","status":"publish","type":"page","link":"https:\/\/thatallmayread.ca\/fr\/resources\/credits\/","title":{"rendered":"Cr\u00e9dits"},"content":{"rendered":"<h3>Mention de source<\/h3>\n<p><strong>Afin que tous puissent lire \u2014 \u00c9quipe de production<\/strong><br \/>\n<strong>Charg\u00e9e de projet<\/strong>\u00a0: Jane Beaumont, archiviste et conservatrice, INCA<br \/>\n<strong>Agente de recherche et de r\u00e9daction\u00a0<\/strong>: Wendy Robbins<br \/>\n<strong>Concepteur Web<\/strong>\u00a0: Brian Pirie, Chromatic North<br \/>\n<strong>Conservatrice adjointe\u00a0<\/strong>: Vasanthi Pendakur<br \/>\n<strong>Bibliographe\u00a0<\/strong>: Catherine Paterson<br \/>\n<strong>Narrateurs<\/strong> : Wendy Robbins, Rob Clipperton<br \/>\n<strong>\u00c9ditrice\u00a0<\/strong>: Stacey Sleightholm, INCA<br \/>\n<strong>Photographe\u00a0<\/strong>: Simone St. Aimee, INCA<\/p>\n<h3>Nous d\u00e9sirons remercier<\/h3>\n<p>Patrimoine Canada pour le soutien financier apport\u00e9 \u00e0 la traduction fran\u00e7aise<\/p>\n<p>Biblioth\u00e8que et Archives Canada pour les ressources humaines mises \u00e0 la disposition du projet pour num\u00e9riser les fichiers choisis \u00e0 l&#8217;atelier de production num\u00e9rique<\/p>\n<p>Robert Baker, agent d\u2019information et archiviste, Blind Veterans UK<\/p>\n<p>Kevin Burns, Seven Stories<\/p>\n<p>Vanessa Warne, professeure agr\u00e9g\u00e9e, Universit\u00e9 du Manitoba<\/p>\n<p><strong>Personne-ressource :\u00a0<\/strong>Jane Beaumont : <a href=\"mailto:Jane.beaumont@inca.ca\">Jane.beaumont@inca.ca<\/a><br \/>","protected":false},"excerpt":{"rendered":"Mention de source Afin que tous puissent lire \u2014 \u00c9quipe de production Charg\u00e9e de projet\u00a0: Jane Beaumont, archiviste et conservatrice, INCA Agente de recherche et de r\u00e9daction\u00a0: Wendy Robbins Concepteur Web\u00a0: Brian Pirie, Chromatic North Conservatrice adjointe\u00a0: Vasanthi Pendakur Bibliographe\u00a0: Catherine Paterson Narrateurs : Wendy Robbins, Rob Clipperton \u00c9ditrice\u00a0: Stacey Sleightholm, INCA Photographe\u00a0: Simone St&#8230;. <a class=\"view-article\" href=\"https:\/\/thatallmayread.ca\/fr\/resources\/credits\/\">View Article<\/a>","protected":false},"author":1,"featured_media":0,"parent":22,"menu_order":0,"comment_status":"closed","ping_status":"closed","template":"template-resources.php","meta":{"_acf_changed":false,"footnotes":""},"class_list":["post-1459","page","type-page","status-publish","hentry"],"acf":[],"_links":{"self":[{"href":"https:\/\/thatallmayread.ca\/fr\/wp-json\/wp\/v2\/pages\/1459","targetHints":{"allow":["GET"]}}],"collection":[{"href":"https:\/\/thatallmayread.ca\/fr\/wp-json\/wp\/v2\/pages"}],"about":[{"href":"https:\/\/thatallmayread.ca\/fr\/wp-json\/wp\/v2\/types\/page"}],"author":[{"embeddable":true,"href":"https:\/\/thatallmayread.ca\/fr\/wp-json\/wp\/v2\/users\/1"}],"replies":[{"embeddable":true,"href":"https:\/\/thatallmayread.ca\/fr\/wp-json\/wp\/v2\/comments?post=1459"}],"version-history":[{"count":27,"href":"https:\/\/thatallmayread.ca\/fr\/wp-json\/wp\/v2\/pages\/1459\/revisions"}],"predecessor-version":[{"id":2169,"href":"https:\/\/thatallmayread.ca\/fr\/wp-json\/wp\/v2\/pages\/1459\/revisions\/2169"}],"up":[{"embeddable":true,"href":"https:\/\/thatallmayread.ca\/fr\/wp-json\/wp\/v2\/pages\/22"}],"wp:attachment":[{"href":"https:\/\/thatallmayread.ca\/fr\/wp-json\/wp\/v2\/media?parent=1459"}],"curies":[{"name":"wp","href":"https:\/\/api.w.org\/{rel}","templated":true}]}}