{"id":22,"date":"2017-02-05T19:08:58","date_gmt":"2017-02-06T00:08:58","guid":{"rendered":"http:\/\/thatallmayread.ca\/?page_id=22"},"modified":"2017-11-28T14:19:43","modified_gmt":"2017-11-28T19:19:43","slug":"resources","status":"publish","type":"page","link":"https:\/\/thatallmayread.ca\/fr\/resources\/","title":{"rendered":"Ressources"},"content":{"rendered":"<h3><strong>Notes sur les sources principales<\/strong><\/h3>\n<p><a href=\"http:\/\/collectionscanada.gc.ca\/pam_archives\/index.php?fuseaction=genitem.displayItem&amp;rec_nbr=100473&amp;lang=eng&amp;rec_nbr_list=159689,100473,105635,100469,191890,100011,3827244,191006,101625,106910\">Canadian National Institute for the Blind fonds [multiple media].<\/a> 1905-1997. Fonds \/ Collection. <strong>MG28-I233, R3647-0-9-E<\/strong>. Architectural and technical drawings, Art, Moving images, Objects (including medals and pins), Photographs, Textual material. [Access: Restrictions vary]. Private.<\/p>\n<p>Sauf si autrement indiqu\u00e9, les documents inclus dans cette exposition proviennent des Archives de l\u2019INCA conserv\u00e9s \u00e0 Biblioth\u00e8que et Archives Canada et cit\u00e9s dans l\u2019exposition comme suit\u00a0: Source\u00a0: CNIB papers (LAC) MG28 Series\u00a0I233, Vol. x, File x.<\/p>\n<p>Library and Archives Canada,Archival Records Branch\u00a0(1979, rev 1993) <em>Canadian National Institute for the Blind \/ L&#8217;Institut national canadien pour les aveugles MG28-I233 Finding Aid no 1114\/Instrument de recherch\u00e9 no 1114.\u00a0 <\/em>Ottawa: Library and Archives Canada.\u00a0 Available as a PDF document from: <a href=\"http:\/\/data2.archives.ca\/pdf\/pdf001\/p000000172.pdf\">http:\/\/data2.archives.ca\/pdf\/pdf001\/p000000172.pdf<\/a><\/p>\n<p><a href=\"http:\/\/collectionscanada.gc.ca\/pam_archives\/index.php?fuseaction=genitem.displayItem&amp;rec_nbr=101625&amp;lang=eng&amp;rec_nbr_list=101625,100473,181256,101825\">Edwin Albert Baker fonds [textual record, graphic material, sound recording].<\/a> 1911-1979. Fonds \/ Collection.\u00a0\u00a0 <strong>MG30-C103, R1661-0-1-E<\/strong>.\u00a0 Photographs, Sound recordings, Textual material. [Access: Open]. Private.<\/p>\n<h3><strong>Sources secondaires<\/strong><\/h3>\n<p>American Foundation for the Blind. (2009). <em>AFB Talking Book Exhibit<\/em>. Retrieved from <a href=\"http:\/\/www.afb.org\/talkingbook\/home.asp\">http:\/\/www.afb.org\/talkingbook\/home.asp<\/a><\/p>\n<p>American Foundation for the Blind. (n.d.). <em>75 Years of AFB and Talking Books: Key Dates.<\/em> Retrieved from <a href=\"http:\/\/www.afb.org\/info\/75-years-of-afb-and-talking-books\/key-dates\/25\">http:\/\/www.afb.org\/info\/75-years-of-afb-and-talking-books\/key-dates\/25<\/a><\/p>\n<p>Babe, R. E. (2013, December 16). <em>Sir William Mulock.<\/em> Retrieved from <a href=\"http:\/\/www.thecanadianencyclopedia.com\/en\/article\/sir-william-mulock\/\">http:\/\/www.thecanadianencyclopedia.com\/en\/article\/sir-william-mulock\/<\/a><\/p>\n<p>Campbell, M. W. (1965). <em>No compromise: the story of Colonel Baker and the CNIB.<\/em> Toronto: McClelland and Stewart.<\/p>\n<p>House of Commons. (1898, April 1). Official Report of the Debates. Third Session &#8211; Eighth Parliament, 3rd Session: Vol. XLVI. 2913-2914. [<a href=\"http:\/\/parl.canadiana.ca\/view\/oop.debates_HOC0803_01\/1464?r=0&amp;s=1\">available online<\/a>]\n<p>Cooper, H. L. (2010, Sept. 1). <em>A Brief History of Tactile Writing Systems for Readers with Blindness and Visual Impairments.<\/em> Retrieved from <a href=\"http:\/\/www.tsbvi.edu\/seehear\/spring06\/history.htm\">http:\/\/www.tsbvi.edu\/seehear\/spring06\/history.htm<\/a><\/p>\n<p>Cutler, Fran. (1988). <em>The Right to Know.<\/em> Toronto: Canadian National Institute for the Blind.<\/p>\n<p>Durflinger, S. M. (2010). <em>Veterans with a Vision: Canada&#8217;s War Blinded in Peace and War.<\/em> Vancouver: UBC Press.<\/p>\n<p>Friskney, J. (February 2017). Canada and the Trans-Atlantic Battle over Embossed Type. Retrieved from <a href=\"http:\/\/www.champlainsociety.ca\/canada-and-the-trans-atlantic-battle-over-embossed-type\/\">http:\/\/www.champlainsociety.ca\/canada-and-the-trans-atlantic-battle-over-embossed-type\/<\/a><\/p>\n<p>Friskney, J. B. (2012). From Gleam of Light to Seedbed of a National Institute: The Canadian Free Library for the Blind, 1906-1918, <em>Papers of the Bibliographical Society of Canada<\/em>, 50(2): 187-237 [<a href=\"http:\/\/jps.library.utoronto.ca\/index.php\/bsc\/article\/view\/22045\/17888\">available online<\/a>]\n<p>Galer, D. (2015, April 23). <em>Disability Rights Movement.<\/em> Retrieved from <a href=\"http:\/\/www.thecanadianencyclopedia.ca\/en\/article\/disability-rights-movement\/\">http:\/\/www.thecanadianencyclopedia.ca\/en\/article\/disability-rights-movement\/<\/a><\/p>\n<p>Giaimo, C. (2017, January 6). How a Blind Doctor&#8217;s &#8216;Moon Code&#8217; Helped Thousands Read Again. Retrieved from <a href=\"http:\/\/www.atlasobscura.com\/articles\/how-a-blind-doctors-moon-code-helped-thousands-read-again\">http:\/\/www.atlasobscura.com\/articles\/how-a-blind-doctors-moon-code-helped-thousands-read-again<\/a><\/p>\n<p>Herie, E. (2005). <em>Journey to independence: blindness, the Canadian story.<\/em> Toronto: Dundurn Group.<\/p>\n<p>Irwin, R. (1955) <em>As I saw it.<\/em> New York: American Foundation for the Blind. [<a href=\"https:\/\/archive.org\/details\/asisawit00robe\">available online<\/a>]\n<p>Kelly, Terry (2008)\u00a0 <em>That All May Read: <\/em><em>A Unique Multimedia Learning and Awareness DVD.\u00a0<\/em>Halifax: Gun K Publishing and Wee House of Music.\u00a0 [<a href=\"http:\/\/terry-kelly.com\/special-projects\/that-all-may-read\" target=\"_blank\" rel=\"noopener\">available online<\/a>]\n<p>Koestler, F. A. (1976). <em>The Unseen Minority: A Social History of Blindness in the United States.<\/em> New York: D. McKay Co.<\/p>\n<p>Library and Archives Canada (2015, October 1). Help the Blind to Help Themselves (Ontario Motion Picture Bureau, 1927 ?) [Video file]. Retrieved from\u00a0<a href=\"https:\/\/m.youtube.com\/watch?v=vpLdsg9z6Uo\">https:\/\/m.youtube.com\/watch?v=vpLdsg9z6Uo<\/a><\/p>\n<p>McCallum, Ron. \u00a0(2013) <em>How Technology Allowed\u00a0 me to Read. <\/em>TEDxSydney Talk. Available from <a href=\"https:\/\/www.ted.com\/talks\/ron_mccallum_how_technology_allowed_me_to_read\">https:\/\/www.ted.com\/talks\/ron_mccallum_how_technology_allowed_me_to_read<\/a><\/p>\n<p>Marks, B. (2016, March 4). Before Braille Was King, It Had to Win the War of the Dots. Retrieved from\u00a0<a href=\"http:\/\/www.collectorsweekly.com\/articles\/before-braille-was-king\/\">http:\/\/www.collectorsweekly.com\/articles\/before-braille-was-king\/<\/a><\/p>\n<p>Moon Forum. (2012, July 20). <em>What is Moon?<\/em> Retrieved from http:\/\/www.moonliteracy.org.uk\/whatis.htm (en savoir plus sur Moon Literacy <a href=\"https:\/\/www.google.ca\/search?q=moon+alphabet+for+the+blind&amp;oq=moon+literacy+reading&amp;gs_l=psy-ab.1.0.0i71k1l4.0.0.0.37769.0.0.0.0.0.0.0.0..0.0.foo%2Cnso-ehuqi%3D1%2Cnso-ehuui%3D1%2Cewh%3D0%2Cnso-mplt%3D2%2Cnso-enksa%3D0%2Cnso-enfk%3D1%2Cnso-usnt%3D1%2Cnso-qnt-npqp%3D0-1701%2Cnso-qnt-npdq%3D0-54%2Cnso-qnt-npt%3D0-1%2Cnso-qnt-ndc%3D300%2Ccspa-dspm-nm-mnp%3D0-05%2Ccspa-dspm-nm-mxp%3D0-125%2Cnso-unt-npqp%3D0-17%2Cnso-unt-npdq%3D0-54%2Cnso-unt-npt%3D0-0602%2Cnso-unt-ndc%3D300%2Ccspa-uipm-nm-mnp%3D0-007525%2Ccspa-uipm-nm-mxp%3D0-052675...0...1..64.psy-ab..0.0.0.6px4WiI1Uds\">ici<\/a>)<\/p>\n<p>Moscovitch, A. (2015, August 13). <em>Welfare State.<\/em> Retrieved from <a href=\"http:\/\/www.thecanadianencyclopedia.ca\/en\/article\/welfare-state\/\">http:\/\/www.thecanadianencyclopedia.ca\/en\/article\/welfare-state\/<\/a><\/p>\n<p>Museum Curator. (n.d.). <em>SoundScriber (1945-1960s).<\/em> Retrieved from <a href=\"http:\/\/www.obsoletemedia.org\/soundscriber\/\">http:\/\/www.obsoletemedia.org\/soundscriber\/<\/a><\/p>\n<p>Museum on the Boyne. (n.d.). <em>And now here&#8217;s Mrs. A&#8230;Kate Aitken&#8217;s Story.<\/em> Retrieved from <a href=\"http:\/\/www.virtualmuseum.ca\/sgc-cms\/histoires_de_chez_nous-community_memories\/pm_v2.php?id=exhibit_home&amp;fl=0&amp;lg=English&amp;ex=00000325\">http:\/\/www.virtualmuseum.ca\/sgc-cms\/histoires_de_chez_nous-community_memories\/pm_v2.php?id=exhibit_home&amp;fl=0&amp;lg=English&amp;ex=00000325<\/a><\/p>\n<p>National Library Service for the Blind and Physically Handicapped (<a href=\"https:\/\/www.loc.gov\/nls\/\">NLS<\/a>). (2013, 11 13). <em>That All May Read: Louis Braille bicentenary<\/em>. Retrieved 05 12, 2016, from <a href=\"http:\/\/www.loc.gov\/nls\/brailleexhibit\/index.html\">http:\/\/www.loc.gov\/nls\/brailleexhibit\/index.html<\/a><\/p>\n<p>National Library Service for the Blind and Physically Handicapped (NLS) (2015, 02 04). <em>NLS Factsheet:\u00a0About Braille<\/em>. Retrieved from\u00a0<a href=\"https:\/\/www.loc.gov\/nls\/resources\/blindness-and-vision-impairment\/braille-information\/about-braille\/\">https:\/\/www.loc.gov\/nls\/resources\/blindness-and-vision-impairment\/braille-information\/about-braille\/<\/a><\/p>\n<p>Pearce, J. (n.d.). <em>The Slate &amp; Stylus: History of a Braille Technology<\/em>. Retrieved from <a href=\"http:\/\/www.activehistoryexhibits.ca\/exhibits\/show\/an-active-history-preview-of-e\/the-slate---stylus--the-politi#_ftn1\">http:\/\/www.activehistoryexhibits.ca\/exhibits\/show\/an-active-history-preview-of-e\/the-slate&#8212;stylus&#8211;the-politi#_ftn1<\/a><\/p>\n<p>Robinson, E. B. F. (1896). <em>The true sphere of the blind.<\/em> Toronto: W. Briggs. [<a href=\"https:\/\/openlibrary.org\/books\/OL23619045M\/The_true_sphere_of_the_blind\">available online<\/a>]\n<p>Rubery, Matthew. (2016).\u00a0 <em>The Untold Story of the Talking Book.\u00a0 <\/em>Cambridge, Mass.: Harvard University Press.<\/p>\n<p>Rubery, M. and Tilley, H. (2017). <em>How We Read: A Sensory History of Books for Blind People<\/em>. Retrieved from <a href=\"http:\/\/www.howweread.co.uk\/\">http:\/\/www.howweread.co.\u00a0 uk\/<\/a><\/p>\n<p>UNESCO. (1949, September 20). <em>Report on the World Braille Situation.<\/em> Retrieved from <a href=\"http:\/\/www.duxburysystems.org\/downloads\/library\/history\/world_braille_1949.pdf\">http:\/\/www.duxburysystems.org\/downloads\/library\/history\/world_braille_1949.pdf<\/a><\/p>\n<p>Wikipedia. (2016, June 13). <em>Optophone<\/em>. Retrieved from <a href=\"https:\/\/en.wikipedia.org\/wiki\/Optophone\">https:\/\/en.wikipedia.org\/wiki\/Optophone<\/a><\/p>\n<h3><strong>Sites web d\u2019int\u00e9r\u00eat g\u00e9n\u00e9ral <\/strong><\/h3>\n<p><a href=\"http:\/\/www.afb.org\/default.aspx\">American Foundation for the Blind<\/a><\/p>\n<p><a href=\"https:\/\/www.blindveterans.org.uk\/\">Blind Veterans UK<\/a><\/p>\n<p><a href=\"http:\/\/www.cnib.ca\/en\">Canadian National Institute for the Blind<\/a><\/p>\n<p><a href=\"http:\/\/bibliocaeb.ca\/\">Centre d\u2019acc\u00e8ss equitable aux biblioth\u00e8ques<\/a><\/p>\n<p><a href=\"http:\/\/celalibrary.ca\/\">Centre for Equitable Library Access<\/a><\/p>\n<p><a href=\"http:\/\/www.cnib.ca\/fr\">Institut national\u00a0canadien pour les\u00a0aveugles<\/a><\/p>\n<p><a href=\"http:\/\/www.aph.org\/museum\/\">Museum of the American Printing House for the Blind<\/a>","protected":false},"excerpt":{"rendered":"Notes sur les sources principales Canadian National Institute for the Blind fonds [multiple media]. 1905-1997. Fonds \/ Collection. MG28-I233, R3647-0-9-E. Architectural and technical drawings, Art, Moving images, Objects (including medals and pins), Photographs, Textual material. [Access: Restrictions vary]. Private. Sauf si autrement indiqu\u00e9, les documents inclus dans cette exposition proviennent des Archives de l\u2019INCA conserv\u00e9s&#8230; <a class=\"view-article\" href=\"https:\/\/thatallmayread.ca\/fr\/resources\/\">View Article<\/a>","protected":false},"author":1,"featured_media":0,"parent":0,"menu_order":7,"comment_status":"closed","ping_status":"closed","template":"template-resources.php","meta":{"_acf_changed":false,"footnotes":""},"class_list":["post-22","page","type-page","status-publish","hentry"],"acf":[],"_links":{"self":[{"href":"https:\/\/thatallmayread.ca\/fr\/wp-json\/wp\/v2\/pages\/22","targetHints":{"allow":["GET"]}}],"collection":[{"href":"https:\/\/thatallmayread.ca\/fr\/wp-json\/wp\/v2\/pages"}],"about":[{"href":"https:\/\/thatallmayread.ca\/fr\/wp-json\/wp\/v2\/types\/page"}],"author":[{"embeddable":true,"href":"https:\/\/thatallmayread.ca\/fr\/wp-json\/wp\/v2\/users\/1"}],"replies":[{"embeddable":true,"href":"https:\/\/thatallmayread.ca\/fr\/wp-json\/wp\/v2\/comments?post=22"}],"version-history":[{"count":56,"href":"https:\/\/thatallmayread.ca\/fr\/wp-json\/wp\/v2\/pages\/22\/revisions"}],"predecessor-version":[{"id":2144,"href":"https:\/\/thatallmayread.ca\/fr\/wp-json\/wp\/v2\/pages\/22\/revisions\/2144"}],"wp:attachment":[{"href":"https:\/\/thatallmayread.ca\/fr\/wp-json\/wp\/v2\/media?parent=22"}],"curies":[{"name":"wp","href":"https:\/\/api.w.org\/{rel}","templated":true}]}}