{"id":24,"date":"2017-02-05T19:09:25","date_gmt":"2017-02-06T00:09:25","guid":{"rendered":"http:\/\/thatallmayread.ca\/?page_id=24"},"modified":"2017-09-06T11:03:17","modified_gmt":"2017-09-06T15:03:17","slug":"introduction","status":"publish","type":"page","link":"https:\/\/thatallmayread.ca\/fr\/","title":{"rendered":"Introduction"},"content":{"rendered":"Bienvenue \u00e0 \u00ab\u00a0Afin que tous puissent lire\u00a0\u00bb, une exposition en ligne particuli\u00e8re qui souligne l\u2019appui ind\u00e9fectible d\u2019INCA \u00e0 la litt\u00e9ratie, \u00e0 la lecture et \u00e0 l\u2019acc\u00e8s \u00e0 l\u2019information. L\u2019exposition permet de souligner le 100<sup>e<\/sup>\u00a0anniversaire d\u2019INCA (Institut national canadien pour les aveugles) en 2018.<\/p>\n<p>\u00ab\u00a0Rien n\u2019est plus important que de permettre aux gens de pouvoir lire et compter, affirme John\u00a0Rafferty, pr\u00e9sident d\u2019INCA, et notre r\u00f4le visant \u00e0 promouvoir le braille au sein du syst\u00e8me d\u2019\u00e9ducation sera toujours une priorit\u00e9, de concert avec une pr\u00e9occupation concernant l\u2019acc\u00e8s \u00e0 l\u2019information et \u00e0 la lecture tout au long de la vie, que ce soit pour le plaisir ou pour l\u2019\u00e9ducation et l\u2019emploi.\u00a0\u00bb<\/p>\n<p>La riche histoire d\u2019INCA englobe l\u2019histoire des Canadiens aveugles ou ayant eu une vision partielle \u00e0 la suite de la Premi\u00e8re Guerre mondiale, ainsi que l\u2019environnement changeant par rapport \u00e0 la technologie, \u00e0 l\u2019\u00e9ducation et \u00e0 l\u2019emploi auquel ils ont d\u00fb faire face. Cette exposition retrace ces changements de la \u00ab\u00a0pr\u00e9histoire\u00a0\u00bb d\u2019INCA, que ce soit la Canadian Free Library for the Blind, ou la \u00a0technologie d\u2019aujourd\u2019hui qui permet que les outils appliqu\u00e9s soient compatibles avec des dispositifs usuels tels que les ordinateurs personnels, les tablettes et les t\u00e9l\u00e9phones intelligents. Nous vous invitons \u00e0 d\u00e9couvrir l\u2019histoire au moyen de textes, d\u2019enregistrements audio, de photographies et de documents.","protected":false},"excerpt":{"rendered":"Bienvenue \u00e0 \u00ab\u00a0Afin que tous puissent lire\u00a0\u00bb, une exposition en ligne particuli\u00e8re qui souligne l\u2019appui ind\u00e9fectible d\u2019INCA \u00e0 la litt\u00e9ratie, \u00e0 la lecture et \u00e0 l\u2019acc\u00e8s \u00e0 l\u2019information. L\u2019exposition permet de souligner le 100e\u00a0anniversaire d\u2019INCA (Institut national canadien pour les aveugles) en 2018. \u00ab\u00a0Rien n\u2019est plus important que de permettre aux gens de pouvoir lire&#8230; <a class=\"view-article\" href=\"https:\/\/thatallmayread.ca\/fr\/\">View Article<\/a>","protected":false},"author":1,"featured_media":0,"parent":0,"menu_order":1,"comment_status":"closed","ping_status":"closed","template":"template-introduction.php","meta":{"_acf_changed":false,"footnotes":""},"class_list":["post-24","page","type-page","status-publish","hentry"],"acf":[],"_links":{"self":[{"href":"https:\/\/thatallmayread.ca\/fr\/wp-json\/wp\/v2\/pages\/24","targetHints":{"allow":["GET"]}}],"collection":[{"href":"https:\/\/thatallmayread.ca\/fr\/wp-json\/wp\/v2\/pages"}],"about":[{"href":"https:\/\/thatallmayread.ca\/fr\/wp-json\/wp\/v2\/types\/page"}],"author":[{"embeddable":true,"href":"https:\/\/thatallmayread.ca\/fr\/wp-json\/wp\/v2\/users\/1"}],"replies":[{"embeddable":true,"href":"https:\/\/thatallmayread.ca\/fr\/wp-json\/wp\/v2\/comments?post=24"}],"version-history":[{"count":15,"href":"https:\/\/thatallmayread.ca\/fr\/wp-json\/wp\/v2\/pages\/24\/revisions"}],"predecessor-version":[{"id":2008,"href":"https:\/\/thatallmayread.ca\/fr\/wp-json\/wp\/v2\/pages\/24\/revisions\/2008"}],"wp:attachment":[{"href":"https:\/\/thatallmayread.ca\/fr\/wp-json\/wp\/v2\/media?parent=24"}],"curies":[{"name":"wp","href":"https:\/\/api.w.org\/{rel}","templated":true}]}}