{"id":253,"date":"2017-03-16T11:05:56","date_gmt":"2017-03-16T15:05:56","guid":{"rendered":"http:\/\/thatallmayread.ca\/?page_id=253"},"modified":"2017-09-07T10:50:14","modified_gmt":"2017-09-07T14:50:14","slug":"evolution-of-library-services","status":"publish","type":"page","link":"https:\/\/thatallmayread.ca\/fr\/explore-history\/evolution-of-library-services\/","title":{"rendered":"L\u2019\u00e9volution des services de biblioth\u00e8que"},"content":{"rendered":"Le soutien immuable d\u2019INCA \u00e0 la litt\u00e9ratie et \u00e0 la lecture remonte \u00e0 ses racines historiques comme service de biblioth\u00e8que, the Canadian Free Library for the Blind , qui a ouvert ses portes aux lecteurs en 1907. Cet aspect essentiel de l\u2019histoire d\u2019INCA, retrac\u00e9 dans cette exposition, se poursuit jusqu\u2019\u00e0 nos jours avec des d\u00e9veloppements dans les services et les collections pour adultes, enfants et adolescents aveugles ou ayant une vision partielle.<\/p>\n<p>Ces d\u00e9veloppements se sont d\u00e9roul\u00e9s \u00e0 l\u2019\u00e9chelle nationale et internationale. Le Canada a connu la transformation de la biblioth\u00e8que d\u2019INCA en parall\u00e8le avec l\u2019\u00e9tablissement d\u2019une nouvelle organisation canadienne dirig\u00e9e par une biblioth\u00e8que publique nomm\u00e9e le Centre d\u2019acc\u00e8s \u00e9quitable aux biblioth\u00e8ques (CA\u00c9B). \u00c0 l\u2019\u00e9chelle internationale, la signature et la ratification historiques du Trait\u00e9 de Marrakech en 2016 r\u00e9duisent les obstacles \u00e0 la cr\u00e9ation et au partage de mat\u00e9riel en formats substituts entre les pays.<\/p>\n[Q1] Pendant qu\u2019INCA se r\u00e9jouit \u00e0 l\u2019id\u00e9e des 100\u00a0prochaines ann\u00e9es, nous nous rappelons des paroles que l\u2019ancien pr\u00e9sident d\u2019INCA Euclid Herie a \u00e9crites\u00a0: \u00ab\u00a0C\u2019est par le toucher et le son que la litt\u00e9ratie prend vie. L\u2019acc\u00e8s \u00e0 l\u2019information pour les personnes aveugles ayant une vision partielle ou sourdes-aveugles a \u00e9t\u00e9 \u00e0 la fois un d\u00e9fi et une source de joie et de possibilit\u00e9s\u00a0\u00bb. Les services de biblioth\u00e8que ont \u00e9volu\u00e9 et continuent d\u2019\u00e9voluer pour cr\u00e9er d\u2019autres options destin\u00e9es aux lecteurs qui d\u00e9pendent du toucher et du son en offrant plus de documents \u00e0 lire \u00e0 plus de personnes en utilisant plus de moyens, et en veillant \u00e0 cr\u00e9er un monde o\u00f9 \u00ab\u00a0tous peuvent lire\u00a0\u00bb. [Q2]","protected":false},"excerpt":{"rendered":"Le soutien immuable d\u2019INCA \u00e0 la litt\u00e9ratie et \u00e0 la lecture remonte \u00e0 ses racines historiques comme service de biblioth\u00e8que, the Canadian Free Library for the Blind , qui a ouvert ses portes aux lecteurs en 1907. Cet aspect essentiel de l\u2019histoire d\u2019INCA, retrac\u00e9 dans cette exposition, se poursuit jusqu\u2019\u00e0 nos jours avec des d\u00e9veloppements&#8230; <a class=\"view-article\" href=\"https:\/\/thatallmayread.ca\/fr\/explore-history\/evolution-of-library-services\/\">View Article<\/a>","protected":false},"author":3,"featured_media":1135,"parent":14,"menu_order":7,"comment_status":"closed","ping_status":"closed","template":"","meta":{"_acf_changed":false,"footnotes":""},"class_list":["post-253","page","type-page","status-publish","has-post-thumbnail","hentry"],"acf":[],"_links":{"self":[{"href":"https:\/\/thatallmayread.ca\/fr\/wp-json\/wp\/v2\/pages\/253","targetHints":{"allow":["GET"]}}],"collection":[{"href":"https:\/\/thatallmayread.ca\/fr\/wp-json\/wp\/v2\/pages"}],"about":[{"href":"https:\/\/thatallmayread.ca\/fr\/wp-json\/wp\/v2\/types\/page"}],"author":[{"embeddable":true,"href":"https:\/\/thatallmayread.ca\/fr\/wp-json\/wp\/v2\/users\/3"}],"replies":[{"embeddable":true,"href":"https:\/\/thatallmayread.ca\/fr\/wp-json\/wp\/v2\/comments?post=253"}],"version-history":[{"count":26,"href":"https:\/\/thatallmayread.ca\/fr\/wp-json\/wp\/v2\/pages\/253\/revisions"}],"predecessor-version":[{"id":2054,"href":"https:\/\/thatallmayread.ca\/fr\/wp-json\/wp\/v2\/pages\/253\/revisions\/2054"}],"up":[{"embeddable":true,"href":"https:\/\/thatallmayread.ca\/fr\/wp-json\/wp\/v2\/pages\/14"}],"wp:featuredmedia":[{"embeddable":true,"href":"https:\/\/thatallmayread.ca\/fr\/wp-json\/wp\/v2\/media\/1135"}],"wp:attachment":[{"href":"https:\/\/thatallmayread.ca\/fr\/wp-json\/wp\/v2\/media?parent=253"}],"curies":[{"name":"wp","href":"https:\/\/api.w.org\/{rel}","templated":true}]}}