{"id":32,"date":"2017-02-05T19:24:36","date_gmt":"2017-02-06T00:24:36","guid":{"rendered":"http:\/\/thatallmayread.ca\/?page_id=32"},"modified":"2017-09-06T11:35:30","modified_gmt":"2017-09-06T15:35:30","slug":"wwi-cnib","status":"publish","type":"page","link":"https:\/\/thatallmayread.ca\/fr\/explore-history\/wwi-cnib\/","title":{"rendered":"Ann\u00e9es de guerre et naissance de d\u2019INCA"},"content":{"rendered":"Les \u00e9v\u00e9nements cataclysmiques dans le pays et \u00e0 l\u2019\u00e9tranger ont ouvert un nouveau chapitre pour les Canadiens ayant une perte de vision au cours de la deuxi\u00e8me d\u00e9cennie du 20<sup>e<\/sup>\u00a0si\u00e8cle. Les difficult\u00e9s des anciens combattants bless\u00e9s lors de la Premi\u00e8re Guerre mondiale et les horribles l\u00e9sions oculaires subies pendant l\u2019explosion de Halifax en 1917 ont soulign\u00e9 la n\u00e9cessit\u00e9 d\u2019\u00e9tablir des approches modernes pour aider les Canadiens ayant une perte de vision.<\/p>\n<p>Avant 1914, le Canada avait peu de raisons d\u2019\u00e9laborer une politique relative au traitement des anciens combattants bless\u00e9s. La Premi\u00e8re Guerre mondiale a chang\u00e9 cela. Vers la fin de la guerre, pr\u00e8s de 620\u00a0000\u00a0Canadiens, sur une population de 7,8\u00a0millions en 1914, se sont enr\u00f4l\u00e9s pour servir \u00e0 l\u2019\u00e9tranger. Ceux qui sont revenus, bless\u00e9s ou affaiblis en permanence par des maladies ou des attaques au gaz comme l\u2019ont \u00e9t\u00e9 des milliers de personnes, faisaient face \u00e0 un avenir peu reluisant. L\u2019historien d\u2019INCA Euclid Herie souligne que\u00a0\u00ab\u00a0le ch\u00f4mage et la pauvret\u00e9 \u00e9taient presque garantis pour les militaires aveugles sans ressources ni moyens ind\u00e9pendants\u00a0\u00bb.<\/p>\n<p>Le dirigeant d\u2019INCA qui a suivi, Edwin Albert Baker, a perdu la vue \u00e0 Ypres en 1915. Baker et d\u2019autres anciens combattants qui ont \u00e9t\u00e9 soign\u00e9s \u00e0 l\u2019h\u00f4pital St. Dunstan \u00e0\u00a0Londres ont rapport\u00e9 au Canada une philosophie de r\u00e9adaptation r\u00e9volutionnaire et la confiance requise pour promouvoir le changement. Leur travail et les activit\u00e9s continues de la Canadian Free Library for the Blind ont pav\u00e9 la voie pour l\u2019\u00e9tablissement d\u2019INCA en 1918.","protected":false},"excerpt":{"rendered":"Les \u00e9v\u00e9nements cataclysmiques dans le pays et \u00e0 l\u2019\u00e9tranger ont ouvert un nouveau chapitre pour les Canadiens ayant une perte de vision au cours de la deuxi\u00e8me d\u00e9cennie du 20e\u00a0si\u00e8cle. Les difficult\u00e9s des anciens combattants bless\u00e9s lors de la Premi\u00e8re Guerre mondiale et les horribles l\u00e9sions oculaires subies pendant l\u2019explosion de Halifax en 1917 ont&#8230; <a class=\"view-article\" href=\"https:\/\/thatallmayread.ca\/fr\/explore-history\/wwi-cnib\/\">View Article<\/a>","protected":false},"author":1,"featured_media":216,"parent":14,"menu_order":2,"comment_status":"closed","ping_status":"closed","template":"","meta":{"_acf_changed":false,"footnotes":""},"class_list":["post-32","page","type-page","status-publish","has-post-thumbnail","hentry"],"acf":[],"_links":{"self":[{"href":"https:\/\/thatallmayread.ca\/fr\/wp-json\/wp\/v2\/pages\/32","targetHints":{"allow":["GET"]}}],"collection":[{"href":"https:\/\/thatallmayread.ca\/fr\/wp-json\/wp\/v2\/pages"}],"about":[{"href":"https:\/\/thatallmayread.ca\/fr\/wp-json\/wp\/v2\/types\/page"}],"author":[{"embeddable":true,"href":"https:\/\/thatallmayread.ca\/fr\/wp-json\/wp\/v2\/users\/1"}],"replies":[{"embeddable":true,"href":"https:\/\/thatallmayread.ca\/fr\/wp-json\/wp\/v2\/comments?post=32"}],"version-history":[{"count":32,"href":"https:\/\/thatallmayread.ca\/fr\/wp-json\/wp\/v2\/pages\/32\/revisions"}],"predecessor-version":[{"id":2016,"href":"https:\/\/thatallmayread.ca\/fr\/wp-json\/wp\/v2\/pages\/32\/revisions\/2016"}],"up":[{"embeddable":true,"href":"https:\/\/thatallmayread.ca\/fr\/wp-json\/wp\/v2\/pages\/14"}],"wp:featuredmedia":[{"embeddable":true,"href":"https:\/\/thatallmayread.ca\/fr\/wp-json\/wp\/v2\/media\/216"}],"wp:attachment":[{"href":"https:\/\/thatallmayread.ca\/fr\/wp-json\/wp\/v2\/media?parent=32"}],"curies":[{"name":"wp","href":"https:\/\/api.w.org\/{rel}","templated":true}]}}