{"id":34,"date":"2017-02-05T19:25:04","date_gmt":"2017-02-06T00:25:04","guid":{"rendered":"http:\/\/thatallmayread.ca\/?page_id=34"},"modified":"2017-09-06T14:58:03","modified_gmt":"2017-09-06T18:58:03","slug":"early-reading-technologies","status":"publish","type":"page","link":"https:\/\/thatallmayread.ca\/fr\/explore-history\/early-reading-technologies\/","title":{"rendered":"Technologies de lecture \u00e0 leur d\u00e9but"},"content":{"rendered":"La premi\u00e8re moiti\u00e9 du 20<sup>e<\/sup>\u00a0si\u00e8cle a connu des am\u00e9liorations pour les lecteurs qui d\u00e9pendaient du toucher et de l\u2019ou\u00efe pour acc\u00e9der aux livres et \u00e0 l\u2019information. Le braille a gagn\u00e9 la comp\u00e9tition apr\u00e8s plusieurs d\u00e9cennies de concurrence entre diff\u00e9rents syst\u00e8mes d\u2019impression en relief, bien que la Biblioth\u00e8que d\u2019INCA ait continu\u00e9 \u00e0 soutenir les membres qui lisaient \u00e0 l\u2019aide d\u2019autres syst\u00e8mes d\u2019impression en relief. La lecture par l\u2019\u00e9coute a \u00e9t\u00e9 modernis\u00e9e par l\u2019invention des livres parl\u00e9s. Dor\u00e9navant, les lecteurs ayant une perte de vision qui n\u2019avaient pas appris ou n\u2019utilisaient pas l\u2019impression en relief pouvaient profiter des livres sans d\u00e9pendre de quelqu\u2019un pour les lire.<\/p>\n<p>INCA a \u00e9galement particip\u00e9 au lancement d\u2019autres formes d\u2019acc\u00e8s \u00e0 la lecture et \u00e0 l\u2019information, notamment en facilitant l\u2019acquisition et l\u2019utilisation de la radio et en \u00e9tudiant le potentiel d\u2019autres inventions, par exemple en encourageant les solutions qui avaient du potentiel et en rejetant celles qui \u00e9taient sans valeur, mais qui \u00e9taient lanc\u00e9es \u00e0 grand renfort de publicit\u00e9.<\/p>\n<p>Cette p\u00e9riode \u2013 la premi\u00e8re moiti\u00e9 du 20<sup>e<\/sup>\u00a0si\u00e8cle \u2013 est ant\u00e9rieure \u00e0 tout \u00ab\u00a0droit \u00e0 la lecture\u00a0\u00bb pour les Canadiens ayant une perte de vision. L\u2019acc\u00e8s aux livres et \u00e0 l\u2019information dans des formats substituts d\u00e9pendait de la disponibilit\u00e9 et du co\u00fbt de la technologie et de la formation. N\u00e9anmoins, ces ann\u00e9es ont connu d\u2019\u00e9normes am\u00e9liorations au chapitre de l\u2019acc\u00e8s et la Biblioth\u00e8que d\u2019INCA a jou\u00e9 un r\u00f4le essentiel dans ces am\u00e9liorations.<\/p>\n<p>&nbsp;","protected":false},"excerpt":{"rendered":"La premi\u00e8re moiti\u00e9 du 20e\u00a0si\u00e8cle a connu des am\u00e9liorations pour les lecteurs qui d\u00e9pendaient du toucher et de l\u2019ou\u00efe pour acc\u00e9der aux livres et \u00e0 l\u2019information. Le braille a gagn\u00e9 la comp\u00e9tition apr\u00e8s plusieurs d\u00e9cennies de concurrence entre diff\u00e9rents syst\u00e8mes d\u2019impression en relief, bien que la Biblioth\u00e8que d\u2019INCA ait continu\u00e9 \u00e0 soutenir les membres qui&#8230; <a class=\"view-article\" href=\"https:\/\/thatallmayread.ca\/fr\/explore-history\/early-reading-technologies\/\">View Article<\/a>","protected":false},"author":1,"featured_media":829,"parent":14,"menu_order":3,"comment_status":"closed","ping_status":"closed","template":"","meta":{"_acf_changed":false,"footnotes":""},"class_list":["post-34","page","type-page","status-publish","has-post-thumbnail","hentry"],"acf":[],"_links":{"self":[{"href":"https:\/\/thatallmayread.ca\/fr\/wp-json\/wp\/v2\/pages\/34","targetHints":{"allow":["GET"]}}],"collection":[{"href":"https:\/\/thatallmayread.ca\/fr\/wp-json\/wp\/v2\/pages"}],"about":[{"href":"https:\/\/thatallmayread.ca\/fr\/wp-json\/wp\/v2\/types\/page"}],"author":[{"embeddable":true,"href":"https:\/\/thatallmayread.ca\/fr\/wp-json\/wp\/v2\/users\/1"}],"replies":[{"embeddable":true,"href":"https:\/\/thatallmayread.ca\/fr\/wp-json\/wp\/v2\/comments?post=34"}],"version-history":[{"count":18,"href":"https:\/\/thatallmayread.ca\/fr\/wp-json\/wp\/v2\/pages\/34\/revisions"}],"predecessor-version":[{"id":2027,"href":"https:\/\/thatallmayread.ca\/fr\/wp-json\/wp\/v2\/pages\/34\/revisions\/2027"}],"up":[{"embeddable":true,"href":"https:\/\/thatallmayread.ca\/fr\/wp-json\/wp\/v2\/pages\/14"}],"wp:featuredmedia":[{"embeddable":true,"href":"https:\/\/thatallmayread.ca\/fr\/wp-json\/wp\/v2\/media\/829"}],"wp:attachment":[{"href":"https:\/\/thatallmayread.ca\/fr\/wp-json\/wp\/v2\/media?parent=34"}],"curies":[{"name":"wp","href":"https:\/\/api.w.org\/{rel}","templated":true}]}}