{"id":36,"date":"2017-02-05T19:25:45","date_gmt":"2017-02-06T00:25:45","guid":{"rendered":"http:\/\/thatallmayread.ca\/?page_id=36"},"modified":"2017-09-07T08:08:29","modified_gmt":"2017-09-07T12:08:29","slug":"1919-1905","status":"publish","type":"page","link":"https:\/\/thatallmayread.ca\/fr\/explore-history\/1919-1905\/","title":{"rendered":"Consolidation et croissance"},"content":{"rendered":"[P1] Tout au long de la premi\u00e8re moiti\u00e9 du 20<sup>e<\/sup>\u00a0si\u00e8cle, la division de la Biblioth\u00e8que et de la publication d\u2019INCA a consolid\u00e9 sa mission en tant que service de biblioth\u00e8que nationale. Alors que les textes imprim\u00e9s en relief continuaient de circuler, les livres parl\u00e9s, qualifi\u00e9s de \u00ab\u00a0nouveau genre d\u2019activit\u00e9 r\u00e9cr\u00e9ative et d\u2019\u00e9ducation pour les personnes aveugles\u00a0\u00bb, ont \u00e9t\u00e9 au c\u0153ur du succ\u00e8s de la mission. Deux facteurs ont appuy\u00e9 l\u2019adh\u00e9sion de la Biblioth\u00e8que \u00e0 cette nouvelle technologie. Tout d\u2019abord, il s\u2019agit d\u2019un partenariat avec le service postal canadien, maintenu jusqu\u2019\u00e0 ce jour qui offre la livraison gratuite de mat\u00e9riel aux personnes aveugles. Ensuite, c\u2019est le leadership du biblioth\u00e9caire en chef multilingue, infatigable et aveugle, Sherman C. Swift. \u00c0 sa mort en 1947, sa g\u00e9rance de l\u2019organisation est pass\u00e9e entre d\u2019autres mains, mais la vague de sympathie, les descriptions de perte personnelle et les hommages des institutions avec lesquelles il a collabor\u00e9 au cours de sa longue carri\u00e8re ont t\u00e9moign\u00e9 de sa personnalit\u00e9 et de la marque qu\u2019il a laiss\u00e9e.","protected":false},"excerpt":{"rendered":"[P1] Tout au long de la premi\u00e8re moiti\u00e9 du 20e\u00a0si\u00e8cle, la division de la Biblioth\u00e8que et de la publication d\u2019INCA a consolid\u00e9 sa mission en tant que service de biblioth\u00e8que nationale. Alors que les textes imprim\u00e9s en relief continuaient de circuler, les livres parl\u00e9s, qualifi\u00e9s de \u00ab\u00a0nouveau genre d\u2019activit\u00e9 r\u00e9cr\u00e9ative et d\u2019\u00e9ducation pour les personnes&#8230; <a class=\"view-article\" href=\"https:\/\/thatallmayread.ca\/fr\/explore-history\/1919-1905\/\">View Article<\/a>","protected":false},"author":1,"featured_media":948,"parent":14,"menu_order":4,"comment_status":"closed","ping_status":"closed","template":"","meta":{"_acf_changed":false,"footnotes":""},"class_list":["post-36","page","type-page","status-publish","has-post-thumbnail","hentry"],"acf":[],"_links":{"self":[{"href":"https:\/\/thatallmayread.ca\/fr\/wp-json\/wp\/v2\/pages\/36","targetHints":{"allow":["GET"]}}],"collection":[{"href":"https:\/\/thatallmayread.ca\/fr\/wp-json\/wp\/v2\/pages"}],"about":[{"href":"https:\/\/thatallmayread.ca\/fr\/wp-json\/wp\/v2\/types\/page"}],"author":[{"embeddable":true,"href":"https:\/\/thatallmayread.ca\/fr\/wp-json\/wp\/v2\/users\/1"}],"replies":[{"embeddable":true,"href":"https:\/\/thatallmayread.ca\/fr\/wp-json\/wp\/v2\/comments?post=36"}],"version-history":[{"count":28,"href":"https:\/\/thatallmayread.ca\/fr\/wp-json\/wp\/v2\/pages\/36\/revisions"}],"predecessor-version":[{"id":2038,"href":"https:\/\/thatallmayread.ca\/fr\/wp-json\/wp\/v2\/pages\/36\/revisions\/2038"}],"up":[{"embeddable":true,"href":"https:\/\/thatallmayread.ca\/fr\/wp-json\/wp\/v2\/pages\/14"}],"wp:featuredmedia":[{"embeddable":true,"href":"https:\/\/thatallmayread.ca\/fr\/wp-json\/wp\/v2\/media\/948"}],"wp:attachment":[{"href":"https:\/\/thatallmayread.ca\/fr\/wp-json\/wp\/v2\/media?parent=36"}],"curies":[{"name":"wp","href":"https:\/\/api.w.org\/{rel}","templated":true}]}}