{"id":38,"date":"2017-02-05T19:26:11","date_gmt":"2017-02-06T00:26:11","guid":{"rendered":"http:\/\/thatallmayread.ca\/?page_id=38"},"modified":"2017-09-12T13:39:35","modified_gmt":"2017-09-12T17:39:35","slug":"within-living-memory","status":"publish","type":"page","link":"https:\/\/thatallmayread.ca\/fr\/explore-history\/within-living-memory\/","title":{"rendered":"De m\u00e9moire d\u2019homme : apr\u00e8s la guerre, avant le num\u00e9rique"},"content":{"rendered":"En se rappelant leur jeunesse, les adultes aveugles plus \u00e2g\u00e9s d\u2019aujourd\u2019hui peuvent se souvenir de ce qu\u2019il fallait pour suivre des \u00e9tudes sup\u00e9rieures et entreprendre une carri\u00e8re en tant qu\u2019adulte \u00e0 l\u2019\u00e8re pr\u00e9num\u00e9rique, avec un soutien beaucoup moins important que celui d\u2019aujourd\u2019hui pour r\u00e9ussir et s\u2019accomplir dans un monde con\u00e7u pour les personnes voyantes. Cette partie de l\u2019exposition illustre la mani\u00e8re dont de nombreux clients actuels d\u2019INCA ont eu acc\u00e8s \u00e0 la lecture et \u00e0 l\u2019information dans la p\u00e9riode qui a suivi la guerre, avant l\u2019\u00e8re num\u00e9rique.<\/p>\n<p>Le syst\u00e8me de soutien social canadien a consid\u00e9rablement \u00e9volu\u00e9 au cours des premi\u00e8res d\u00e9cennies qui ont suivi la Seconde Guerre mondiale, gr\u00e2ce \u00e0 la mise en place des pensions de vieillesse, de l\u2019assurance-maladie et d\u2019autres services sociaux et de soutien universels qui ont fourni une marge de s\u00e9curit\u00e9 sup\u00e9rieure aux Canadiens. Parall\u00e8lement \u00e0 cette vision accrue du r\u00f4le de l\u2019\u00c9tat concernant le soutien social, le mouvement des droits des personnes handicap\u00e9es a pris de l\u2019ampleur et les activistes affirmaient que les personnes handicap\u00e9es avaient le droit de participer pleinement \u00e0 l\u2019ensemble de la soci\u00e9t\u00e9. Les Canadiens aveugles pouvaient dor\u00e9navant compter sur une plus grande int\u00e9gration dans la soci\u00e9t\u00e9, avec un nombre croissant d\u2019enfants aveugles inscrits dans les \u00e9coles publiques r\u00e9guli\u00e8res, et sur une formation professionnelle de plus en plus ax\u00e9e sur les int\u00e9r\u00eats et les talents individuels, plut\u00f4t que sur les types de travail jug\u00e9s \u00ab\u00a0appropri\u00e9s\u00a0\u00bb pour les personnes aveugles. Les pensions repr\u00e9sentaient \u00ab\u00a0un minimum de subsistance pour les personnes aveugles dans le besoin et offraient, en tout ou en partie, des moyens de d\u00e9marrage pour la r\u00e9adaptation personnelle et \u00e9conomique de nombreuses personnes,\u00a0\u00bb comme l\u2019a \u00e9crit un historien d\u2019INCA.<\/p>\n[Q1] Pour la Biblioth\u00e8que d\u2019INCA, c\u2019\u00e9tait le temps o\u00f9 elle fournissait aux utilisateurs \u00ab\u00a0la documentation qu\u2019ils veulent sous une forme qui leur est accessible\u00a0\u00bb en braille et en format audio. Un \u00ab\u00a0feuillet de renseignements\u00a0\u00bb de la Biblioth\u00e8que datant de la fin des ann\u00e9es\u00a01960 indiquait une augmentation du lectorat de 2\u00a0000\u00a0utilisateurs en 10\u00a0ans, \u00ab\u00a0la plus grande augmentation de l\u2019histoire\u00a0\u00bb, et d\u00e9crit la collection comme suit\u00a0:<\/p>\n<ul>\n<li>10\u00a0000 livres parl\u00e9s sur bande (1 800 titres)<\/li>\n<li>25\u00a0000 disques (900 titres)<\/li>\n<li>27\u00a0000 volumes en braille (5\u00a0000 titres)<\/li>\n<\/ul>\n<p>&nbsp;<\/p>\n<p>La collection comprenait tout, en partant des romans policiers aux romans modernes, et en passant par des manuels d\u2019instructions, des classiques et la Bible.<\/p>\n<p>Toujours dans la p\u00e9riode qui pr\u00e9c\u00e8de l\u2019apparition de l\u2019informatique, des am\u00e9liorations remarquables dans le domaine des technologies adapt\u00e9es ont eu lieu, par exemple, les livres parl\u00e9s enregistr\u00e9s et distribu\u00e9s sur bande, plut\u00f4t que sur disques, ainsi que des progr\u00e8s et un caract\u00e8re abordable concernant les types d\u2019appareils de grossissement pour les personnes ayant une faible vision.<\/p>\n[Q2][A1] L\u2019ancien pr\u00e9sident d\u2019INCA, Jim\u00a0Sanders, se rappelle de la transition des livres sur disques de phonographe \u00e0 son premier livre parl\u00e9 sur bande, <em>Clarke &amp; Smith<\/em>, qui a fourni de nombreuses heures de lecture. L\u2019utilisateur n\u2019avait qu\u2019\u00e0 appuyer sur un bouton pour passer \u00e0 la prochaine piste. C\u2019\u00e9tait une telle am\u00e9lioration par rapport \u00e0 la technologie du phonographe qu\u2019il croyait qu\u2019\u00ab\u00a0il \u00e9tait impossible de faire mieux que \u00e7a!\u00a0\u00bb","protected":false},"excerpt":{"rendered":"En se rappelant leur jeunesse, les adultes aveugles plus \u00e2g\u00e9s d\u2019aujourd\u2019hui peuvent se souvenir de ce qu\u2019il fallait pour suivre des \u00e9tudes sup\u00e9rieures et entreprendre une carri\u00e8re en tant qu\u2019adulte \u00e0 l\u2019\u00e8re pr\u00e9num\u00e9rique, avec un soutien beaucoup moins important que celui d\u2019aujourd\u2019hui pour r\u00e9ussir et s\u2019accomplir dans un monde con\u00e7u pour les personnes voyantes. Cette&#8230; <a class=\"view-article\" href=\"https:\/\/thatallmayread.ca\/fr\/explore-history\/within-living-memory\/\">View Article<\/a>","protected":false},"author":1,"featured_media":784,"parent":14,"menu_order":5,"comment_status":"closed","ping_status":"closed","template":"","meta":{"_acf_changed":false,"footnotes":""},"class_list":["post-38","page","type-page","status-publish","has-post-thumbnail","hentry"],"acf":[],"_links":{"self":[{"href":"https:\/\/thatallmayread.ca\/fr\/wp-json\/wp\/v2\/pages\/38","targetHints":{"allow":["GET"]}}],"collection":[{"href":"https:\/\/thatallmayread.ca\/fr\/wp-json\/wp\/v2\/pages"}],"about":[{"href":"https:\/\/thatallmayread.ca\/fr\/wp-json\/wp\/v2\/types\/page"}],"author":[{"embeddable":true,"href":"https:\/\/thatallmayread.ca\/fr\/wp-json\/wp\/v2\/users\/1"}],"replies":[{"embeddable":true,"href":"https:\/\/thatallmayread.ca\/fr\/wp-json\/wp\/v2\/comments?post=38"}],"version-history":[{"count":34,"href":"https:\/\/thatallmayread.ca\/fr\/wp-json\/wp\/v2\/pages\/38\/revisions"}],"predecessor-version":[{"id":2079,"href":"https:\/\/thatallmayread.ca\/fr\/wp-json\/wp\/v2\/pages\/38\/revisions\/2079"}],"up":[{"embeddable":true,"href":"https:\/\/thatallmayread.ca\/fr\/wp-json\/wp\/v2\/pages\/14"}],"wp:featuredmedia":[{"embeddable":true,"href":"https:\/\/thatallmayread.ca\/fr\/wp-json\/wp\/v2\/media\/784"}],"wp:attachment":[{"href":"https:\/\/thatallmayread.ca\/fr\/wp-json\/wp\/v2\/media?parent=38"}],"curies":[{"name":"wp","href":"https:\/\/api.w.org\/{rel}","templated":true}]}}