{"id":413,"date":"2017-04-17T16:02:45","date_gmt":"2017-04-17T20:02:45","guid":{"rendered":"http:\/\/thatallmayread.ca\/?page_id=413"},"modified":"2017-10-26T15:25:21","modified_gmt":"2017-10-26T19:25:21","slug":"growing","status":"publish","type":"page","link":"https:\/\/thatallmayread.ca\/fr\/explore-history\/introduction-birth-of-a-library\/growing\/","title":{"rendered":"Croissance"},"content":{"rendered":"[D1] Les biblioth\u00e8ques publiques ont appr\u00e9ci\u00e9 le travail de la CFLB. En 1913, le biblioth\u00e9caire W.O. Carson, de London en Ontario, a \u00e9crit qu\u2019il \u00e9tait fascin\u00e9 d\u2019apprendre que le Canada avait une biblioth\u00e8que pour les personnes aveugles et qu\u2019il voulait soutenir la cause. En r\u00e9ponse \u00e0 une lettre de Sherman Swift de la CFLB, il a \u00e9crit\u00a0: \u00ab\u00a0Dans le monde des biblioth\u00e8ques, il y a un esprit de biblioth\u00e8que et chaque page de votre lettre sugg\u00e8re que vous pourriez l\u2019avoir; par cons\u00e9quent, ma seule crainte est que nos amis aveugles dans l\u2019ensemble de notre pays ne re\u00e7oivent pas le meilleur genre de litt\u00e9rature, et qu\u2019ils ne soient pas encourag\u00e9s \u00e0 les emprunter et \u00e0 les lire\u00a0\u00bb. [A1]\n[D2] L\u2019incidence de la CFLB sur ses utilisateurs a \u00e9t\u00e9 profonde\u00a0:<\/p>\n[Q1] [P1] \u00ab\u00a0Je ne sais pas ce que je ferais, si ce n\u2019\u00e9tait de notre biblioth\u00e8que. Je suis m\u00e9lancolique et comme je dois\u00a0d\u00e9pendre uniquement de moi-m\u00eame pour lire, si on me privait de la litt\u00e9rature que nous avons en impression en relief, j\u2019ai peur de songer \u00e0 ce qu\u2019il adviendrait de moi.\u00a0\u00bb Ce message \u00e9mouvant est celui qu\u2019a laiss\u00e9 Kitty Curry de Toronto, en 1914.<\/p>\n<p>Au fil du temps, la Biblioth\u00e8que distribuait plus que des livres. Le rapport annuel de 1917 indiquait que la CFLB a fourni \u00ab\u00a0du papier braille, des machines \u00e0 \u00e9crire, des tablettes en braille et\u00a0<em>New York Point<\/em>, et des cartes \u00e0 jouer aux personnes aveugles dans de nombreuses parties du Dominion\u00a0\u00bb.","protected":false},"excerpt":{"rendered":"[D1] Les biblioth\u00e8ques publiques ont appr\u00e9ci\u00e9 le travail de la CFLB. En 1913, le biblioth\u00e9caire W.O. Carson, de London en Ontario, a \u00e9crit qu\u2019il \u00e9tait fascin\u00e9 d\u2019apprendre que le Canada avait une biblioth\u00e8que pour les personnes aveugles et qu\u2019il voulait soutenir la cause. En r\u00e9ponse \u00e0 une lettre de Sherman Swift de la CFLB, il&#8230; <a class=\"view-article\" href=\"https:\/\/thatallmayread.ca\/fr\/explore-history\/introduction-birth-of-a-library\/growing\/\">View Article<\/a>","protected":false},"author":3,"featured_media":0,"parent":6,"menu_order":5,"comment_status":"closed","ping_status":"closed","template":"","meta":{"_acf_changed":false,"footnotes":""},"class_list":["post-413","page","type-page","status-publish","hentry"],"acf":[],"_links":{"self":[{"href":"https:\/\/thatallmayread.ca\/fr\/wp-json\/wp\/v2\/pages\/413","targetHints":{"allow":["GET"]}}],"collection":[{"href":"https:\/\/thatallmayread.ca\/fr\/wp-json\/wp\/v2\/pages"}],"about":[{"href":"https:\/\/thatallmayread.ca\/fr\/wp-json\/wp\/v2\/types\/page"}],"author":[{"embeddable":true,"href":"https:\/\/thatallmayread.ca\/fr\/wp-json\/wp\/v2\/users\/3"}],"replies":[{"embeddable":true,"href":"https:\/\/thatallmayread.ca\/fr\/wp-json\/wp\/v2\/comments?post=413"}],"version-history":[{"count":27,"href":"https:\/\/thatallmayread.ca\/fr\/wp-json\/wp\/v2\/pages\/413\/revisions"}],"predecessor-version":[{"id":2120,"href":"https:\/\/thatallmayread.ca\/fr\/wp-json\/wp\/v2\/pages\/413\/revisions\/2120"}],"up":[{"embeddable":true,"href":"https:\/\/thatallmayread.ca\/fr\/wp-json\/wp\/v2\/pages\/6"}],"wp:attachment":[{"href":"https:\/\/thatallmayread.ca\/fr\/wp-json\/wp\/v2\/media?parent=413"}],"curies":[{"name":"wp","href":"https:\/\/api.w.org\/{rel}","templated":true}]}}