{"id":503,"date":"2017-04-26T09:05:35","date_gmt":"2017-04-26T13:05:35","guid":{"rendered":"http:\/\/thatallmayread.ca\/?page_id=503"},"modified":"2017-09-07T09:26:04","modified_gmt":"2017-09-07T13:26:04","slug":"the-digital-age","status":"publish","type":"page","link":"https:\/\/thatallmayread.ca\/fr\/explore-history\/the-digital-age\/","title":{"rendered":"L\u2019\u00e8re num\u00e9rique"},"content":{"rendered":"L\u2019\u00e8re de l\u2019ordinateur a permis la cr\u00e9ation d\u2019un ensemble complet d\u2019outils et d\u2019appareils num\u00e9riques qui am\u00e9liorent consid\u00e9rablement l\u2019acc\u00e8s \u00e0 la lecture et \u00e0 la litt\u00e9ratie et, finalement, la participation dans la soci\u00e9t\u00e9 des personnes aveugles et ayant une vision partielle. Cette section de l\u2019exposition d\u00e9crit certains de ces appareils r\u00e9volutionnaires les plus importants, notamment celui qui serait qualifi\u00e9 par bon nombre comme le plus percutant de tous\u00a0: le iPhone et les autres t\u00e9l\u00e9phones intelligents. Ces ordinateurs de poche pr\u00eats \u00e0 l\u2019emploi, accessibles sur le march\u00e9 qui prennent en charge les gros caract\u00e8res, la commande vocale et la lecture d\u2019\u00e9cran permettent aux utilisateurs de lire et de naviguer plus ind\u00e9pendamment que jamais. Personne ne pr\u00e9tendrait qu\u2019une perte de vision dans un monde de voyants est facile. Cependant, la technologie \u00e9tudi\u00e9e dans cette section de l\u2019exposition a beaucoup contribu\u00e9 \u00e0 \u00e9galiser les chances pour les lecteurs aveugles et ayant une vision partielle.","protected":false},"excerpt":{"rendered":"L\u2019\u00e8re de l\u2019ordinateur a permis la cr\u00e9ation d\u2019un ensemble complet d\u2019outils et d\u2019appareils num\u00e9riques qui am\u00e9liorent consid\u00e9rablement l\u2019acc\u00e8s \u00e0 la lecture et \u00e0 la litt\u00e9ratie et, finalement, la participation dans la soci\u00e9t\u00e9 des personnes aveugles et ayant une vision partielle. Cette section de l\u2019exposition d\u00e9crit certains de ces appareils r\u00e9volutionnaires les plus importants, notamment celui&#8230; <a class=\"view-article\" href=\"https:\/\/thatallmayread.ca\/fr\/explore-history\/the-digital-age\/\">View Article<\/a>","protected":false},"author":3,"featured_media":1097,"parent":14,"menu_order":6,"comment_status":"closed","ping_status":"closed","template":"","meta":{"_acf_changed":false,"footnotes":""},"class_list":["post-503","page","type-page","status-publish","has-post-thumbnail","hentry"],"acf":[],"_links":{"self":[{"href":"https:\/\/thatallmayread.ca\/fr\/wp-json\/wp\/v2\/pages\/503","targetHints":{"allow":["GET"]}}],"collection":[{"href":"https:\/\/thatallmayread.ca\/fr\/wp-json\/wp\/v2\/pages"}],"about":[{"href":"https:\/\/thatallmayread.ca\/fr\/wp-json\/wp\/v2\/types\/page"}],"author":[{"embeddable":true,"href":"https:\/\/thatallmayread.ca\/fr\/wp-json\/wp\/v2\/users\/3"}],"replies":[{"embeddable":true,"href":"https:\/\/thatallmayread.ca\/fr\/wp-json\/wp\/v2\/comments?post=503"}],"version-history":[{"count":14,"href":"https:\/\/thatallmayread.ca\/fr\/wp-json\/wp\/v2\/pages\/503\/revisions"}],"predecessor-version":[{"id":2050,"href":"https:\/\/thatallmayread.ca\/fr\/wp-json\/wp\/v2\/pages\/503\/revisions\/2050"}],"up":[{"embeddable":true,"href":"https:\/\/thatallmayread.ca\/fr\/wp-json\/wp\/v2\/pages\/14"}],"wp:featuredmedia":[{"embeddable":true,"href":"https:\/\/thatallmayread.ca\/fr\/wp-json\/wp\/v2\/media\/1097"}],"wp:attachment":[{"href":"https:\/\/thatallmayread.ca\/fr\/wp-json\/wp\/v2\/media?parent=503"}],"curies":[{"name":"wp","href":"https:\/\/api.w.org\/{rel}","templated":true}]}}