{"id":6,"date":"2017-02-05T19:01:02","date_gmt":"2017-02-06T00:01:02","guid":{"rendered":"http:\/\/thatallmayread.ca\/?page_id=6"},"modified":"2017-09-06T15:27:14","modified_gmt":"2017-09-06T19:27:14","slug":"introduction-birth-of-a-library","status":"publish","type":"page","link":"https:\/\/thatallmayread.ca\/fr\/explore-history\/introduction-birth-of-a-library\/","title":{"rendered":"Naissance d\u2019une biblioth\u00e8que"},"content":{"rendered":"Pauvret\u00e9 et d\u00e9pendance\u00a0: voil\u00e0 ce que signifiait l\u2019avenir pour de nombreux Canadiens aveugles ou ayant une vision partielle au tournant du 20<sup>e<\/sup>\u00a0si\u00e8cle. Les Canadiens ayant une perte de vision avaient peu de moyens de gagner leur vie et peu d\u2019occasions de poursuivre des \u00e9tudes sup\u00e9rieures. Il n\u2019\u00e9tait pas inhabituel de voir des mendiants aveugles dans les rues des grandes villes. [P3]\n<p>Le Canada \u00e9tait encore un pays essentiellement rural de 5,3 millions de personnes. Les donn\u00e9es du recensement de 1\u00a0901 laissent entendre que 3\u00a0279\u00a0Canadiens \u00e9taient aveugles. Il y avait des \u00e9coles pour les personnes aveugles en Ontario, en Nouvelle-\u00c9cosse et au Qu\u00e9bec. Dans quelques villes, on donnait une formation dans des m\u00e9tiers de la fabrication des balais et des paniers et de l\u2019accordage de pianos. Cependant, les seuls \u00e9tablissements qui poss\u00e9daient des collections de livres en relief \u00e9taient les \u00e9coles pour les personnes aveugles, et quelques biblioth\u00e8ques publiques au service de leur collectivit\u00e9 respective. Par cons\u00e9quent, les Canadiens aveugles ou ayant une vision partielle faisaient face \u00e0 des obstacles s\u2019ils esp\u00e9raient aller de l\u2019avant dans tout projet n\u00e9cessitant des \u00e9tudes. Ils devaient compter sur les autres pour traduire le mat\u00e9riel imprim\u00e9 dans l\u2019une des formes en relief qu\u2019ils pouvaient utiliser.<\/p>\n[P2] Toutefois, de meilleurs jours se profilaient \u00e0 l\u2019horizon. Des activistes cl\u00e9s avaient pour mission de lib\u00e9rer le potentiel humain de leurs concitoyens aveugles en leur donnant acc\u00e8s aux livres. La mise en place r\u00e9ussie de la Canadian Free Library for the Blind (CFLB) en 1907 et son d\u00e9veloppement en tant que service national ont men\u00e9 \u00e0 la cr\u00e9ation d\u2019INCA en tant que tel.<\/p>\n<p>Cette section retrace les fondations et les activit\u00e9s de la Canadian Free Library for the Blind. Gr\u00e2ce \u00e0 la CFLB, les adultes canadiens aveugles avaient acc\u00e8s, pour la premi\u00e8re fois, \u00e0 des livres en relief provenant d\u2019un autre endroit que les \u00e9coles pour les personnes aveugles. Le fondateur Edgar Bertram Freel (Bert) Robinson, le premier dipl\u00f4m\u00e9 aveugle d\u2019une universit\u00e9 canadienne, et son \u00e9pouse, Marion\u00a0Robinson qui a rapidement pris la rel\u00e8ve des op\u00e9rations de la Biblioth\u00e8que apr\u00e8s la mort pr\u00e9matur\u00e9e de son mari, ont \u00e9t\u00e9 des figures embl\u00e9matiques dans ce d\u00e9veloppement important.","protected":false},"excerpt":{"rendered":"Pauvret\u00e9 et d\u00e9pendance\u00a0: voil\u00e0 ce que signifiait l\u2019avenir pour de nombreux Canadiens aveugles ou ayant une vision partielle au tournant du 20e\u00a0si\u00e8cle. Les Canadiens ayant une perte de vision avaient peu de moyens de gagner leur vie et peu d\u2019occasions de poursuivre des \u00e9tudes sup\u00e9rieures. Il n\u2019\u00e9tait pas inhabituel de voir des mendiants aveugles dans&#8230; <a class=\"view-article\" href=\"https:\/\/thatallmayread.ca\/fr\/explore-history\/introduction-birth-of-a-library\/\">View Article<\/a>","protected":false},"author":1,"featured_media":62,"parent":14,"menu_order":1,"comment_status":"closed","ping_status":"closed","template":"","meta":{"_acf_changed":false,"footnotes":""},"class_list":["post-6","page","type-page","status-publish","has-post-thumbnail","hentry"],"acf":[],"_links":{"self":[{"href":"https:\/\/thatallmayread.ca\/fr\/wp-json\/wp\/v2\/pages\/6","targetHints":{"allow":["GET"]}}],"collection":[{"href":"https:\/\/thatallmayread.ca\/fr\/wp-json\/wp\/v2\/pages"}],"about":[{"href":"https:\/\/thatallmayread.ca\/fr\/wp-json\/wp\/v2\/types\/page"}],"author":[{"embeddable":true,"href":"https:\/\/thatallmayread.ca\/fr\/wp-json\/wp\/v2\/users\/1"}],"replies":[{"embeddable":true,"href":"https:\/\/thatallmayread.ca\/fr\/wp-json\/wp\/v2\/comments?post=6"}],"version-history":[{"count":54,"href":"https:\/\/thatallmayread.ca\/fr\/wp-json\/wp\/v2\/pages\/6\/revisions"}],"predecessor-version":[{"id":2034,"href":"https:\/\/thatallmayread.ca\/fr\/wp-json\/wp\/v2\/pages\/6\/revisions\/2034"}],"up":[{"embeddable":true,"href":"https:\/\/thatallmayread.ca\/fr\/wp-json\/wp\/v2\/pages\/14"}],"wp:featuredmedia":[{"embeddable":true,"href":"https:\/\/thatallmayread.ca\/fr\/wp-json\/wp\/v2\/media\/62"}],"wp:attachment":[{"href":"https:\/\/thatallmayread.ca\/fr\/wp-json\/wp\/v2\/media?parent=6"}],"curies":[{"name":"wp","href":"https:\/\/api.w.org\/{rel}","templated":true}]}}