{"id":624,"date":"2017-05-12T10:07:46","date_gmt":"2017-05-12T14:07:46","guid":{"rendered":"http:\/\/thatallmayread.ca\/?page_id=624"},"modified":"2017-09-11T08:44:07","modified_gmt":"2017-09-11T12:44:07","slug":"reading-by-sound","status":"publish","type":"page","link":"https:\/\/thatallmayread.ca\/fr\/explore-history\/within-living-memory\/reading-by-sound\/","title":{"rendered":"La lecture par le son : l\u2019\u00e8re pr\u00e9-num\u00e9rique"},"content":{"rendered":"<strong>Livres parl\u00e9s sur bande\u00a0<\/strong><\/p>\n[S4,5,6,11] Le son enregistr\u00e9 sur bande, plut\u00f4t que sur des disques longue dur\u00e9e robustes, \u00e9tait une autre perc\u00e9e dans la technologie de la lecture. Les livres enregistr\u00e9s sur une bande magn\u00e9tique ont permis un temps de lecture plus long. Les lecteurs de bande magn\u00e9tique ont \u00e9volu\u00e9 au cours de la p\u00e9riode. Un syst\u00e8me de bandes volumineuses au milieu des ann\u00e9es\u00a01960, d\u00e9velopp\u00e9 par le\u00a0<em>Royal National Institute for the Blind<\/em>, a \u00e9t\u00e9 d\u00e9crit comme un\u00a0\u00ab\u00a0monstre encombrant\u00a0\u00bb en raison de sa taille et de son poids, mais il pouvait fonctionner pendant 21\u00a0heures. L\u2019ann\u00e9e\u00a01967 a vu l\u2019apparition de la \u00ab\u00a0tapete\u00a0\u00bb, de la taille d\u2019une main, un dispositif beaucoup plus compact et l\u00e9ger. Il ne pesait que sept onces et pouvait fonctionner pendant 12\u00a0heures.<\/p>\n[S1,2,13,7,8,9,10,12] En 1962, INCA a pass\u00e9 sa premi\u00e8re commande de 200\u00a0machines \u00e0 livres parl\u00e9s enregistr\u00e9s sur bande magn\u00e9tique et 600\u00a0cassettes. Les lecteurs \u00e9taient enthousiastes, \u00e0 un point tel que la biblioth\u00e8que avait du mal \u00e0 r\u00e9pondre \u00e0 la demande.<\/p>\n<p><strong>Services de transcription<\/strong><\/p>\n<p><u>Soundscriber <\/u><\/p>\n[Q1][P3] Vers la fin des ann\u00e9es\u00a01950, la Biblioth\u00e8que d\u2019INCA a commenc\u00e9 \u00e0 coordonner des b\u00e9n\u00e9voles en vue d\u2019enregistrer des livres pour les \u00e9tudiants sur des disques de \u00ab Soundscriber \u00bb donn\u00e9s. Un Soundscriber \u00e9tait une machine \u00e0 dicter qui inscrivait le son sur un disque de vinyle souple et flexible. Ces appareils \u00e9taient destin\u00e9s \u00e0 une utilisation interne et leur cycle de fonctionnement \u00e9tait bref, mais le syst\u00e8me offrait aux \u00e9tudiants des textes auxquels ils n\u2019auraient peut-\u00eatre pas eu acc\u00e8s autrement. Le biblioth\u00e9caire en chef, R.W. Beath, a exprim\u00e9\u00a0\u00ab\u00a0l\u2019espoir d\u2019un avenir plus radieux pour ces aveugles canadiens qui se pr\u00e9parent \u00e0 suivre des \u00e9tudes sup\u00e9rieures\u00a0\u00bb.<\/p>\n[A1] L\u2019animatrice radio Kate\u00a0Aitken, une personnalit\u00e9 de la radio canadienne des ann\u00e9es\u00a01940 et 1950, a parl\u00e9 de sa visite du site du projet dans son \u00e9mission de radio en septembre\u00a01954. Elle a dit ceci \u00e0 ses auditeurs\u00a0: \u00ab\u00a0il y a deux salles de lecture, chacune ayant un Soundscriber et dans ces salles, des lecteurs font des enregistrements d\u2019ouvrages techniques, de livres de droit, de manuels de m\u00e9canique, d\u2019enqu\u00eates historiques et de tous les volumes standards utilis\u00e9s par l\u2019\u00e9tudiant dans ses \u00e9tudes sp\u00e9cifiques\u00a0\u00bb. Deux infirmi\u00e8res\u00a0\u00ab\u00a0se trouvant parmi eux pour enregistrer une histoire technique m\u00e9dicale extr\u00eamement difficile pour un \u00e9tudiant qui doit apprendre ce sujet difficile par l\u2019ou\u00efe et le toucher\u00a0\u00bb sont venues pour un avis particulier.<\/p>\n<p>Les lecteurs b\u00e9n\u00e9voles ont enregistr\u00e9 des livres sur demande. L\u2019enregistrement peut prendre d\u2019un \u00e0 trois mois, selon la longueur du livre.<\/p>\n<p><strong>National Broadcast Reading\u00a0Service\u00a0<\/strong><\/p>\n<p>Selon eux, les deux choses qui manquaient le plus aux Canadiens aveugles \u00e9taient de voir le visage de leurs petits-enfants et de lire le journal. Il s\u2019agissait l\u00e0 des r\u00e9ponses \u00e0 la suite d\u2019une enqu\u00eate men\u00e9e \u00e0 l\u2019\u00e9chelle du pays au milieu des ann\u00e9es\u00a01980 sur leurs besoins non combl\u00e9s.<\/p>\n[A2] Les d\u00e9fenseurs ne pouvaient rien faire au sujet des petits-enfants, mais ils savaient qu\u2019ils pouvaient aider les aveugles \u00e0 lire le journal. Dans certaines villes am\u00e9ricaines, des b\u00e9n\u00e9voles ont lu et enregistr\u00e9 des articles de journaux et les ont transmis \u00e0 des r\u00e9cepteurs sp\u00e9ciaux. Le rapport d\u2019INCA de 1988, intitul\u00e9 \u00ab\u00a0The Right to Know\u00a0\u00bb (Le droit de savoir), a conduit \u00e0 la cr\u00e9ation d\u2019une version canadienne de ce syst\u00e8me\u00a0: le National Broadcast Reading Service (NBRS). INCA, l\u2019industrie et le gouvernement ont cr\u00e9\u00e9 un nouvel organisme \u00e0 but non lucratif en vue de fournir des journaux lus par des volontaires qui seraient diffus\u00e9s \u00e0 l\u2019\u00e9chelle nationale, en utilisant la cha\u00eene de t\u00e9l\u00e9vision par voie audio secondaire (SAP).<\/p>\n<p>L\u2019\u00e9quipe qui a finalement lanc\u00e9 le service en 1990, sous le nom de \u00ab\u00a0<em>VoicePrint<\/em>\u00a0\u00bb avait besoin de l\u2019approbation du Conseil de la radiodiffusion et des t\u00e9l\u00e9communications canadiennes (CRTC) pour des espaces r\u00e9serv\u00e9s aux services de t\u00e9l\u00e9vision par c\u00e2ble. Ils avaient aussi besoin d\u2019un financement durable. Les deux objectifs ont finalement \u00e9t\u00e9 atteints et l\u2019incertitude du financement fond\u00e9 sur les subventions a \u00e9t\u00e9 r\u00e9solue lorsque le CRTC a accept\u00e9 de placer un pr\u00e9l\u00e8vement par abonn\u00e9 sur les entreprises de c\u00e2blodistribution, connu sous le nom de \u00ab\u00a0frais d\u2019acheminement du signal\u00a0\u00bb.<\/p>\n<p>En 2004, des centaines de b\u00e9n\u00e9voles contribuaient \u00e0 produire des versions audio des nouvelles imprim\u00e9es provenant de plus de 100\u00a0journaux et magazines quotidiens et communautaires, pour atteindre plus de 8 millions de maisons canadiennes par c\u00e2ble, par satellite et en ligne.<\/p>\n<p>En plus de\u00a0<em>VoicePrint<\/em>, en 1995, le NBRS a lanc\u00e9 Audio Vision Canada (AVC) pour produire et distribuer des vid\u00e9os descriptives. Les deux divisions sont actives aujourd\u2019hui sous le nom d\u2019AMI-audio et AMI-TV, dans le cadre d\u2019Accessible Media inc. (AMI), qui diffusent des programmes originaux ainsi que des nouvelles et des mises \u00e0 jour de l\u2019information sous forme de narrations, et comprennent le service en fran\u00e7ais AMI-t\u00e9l\u00e9.","protected":false},"excerpt":{"rendered":"Livres parl\u00e9s sur bande\u00a0 [S4,5,6,11] Le son enregistr\u00e9 sur bande, plut\u00f4t que sur des disques longue dur\u00e9e robustes, \u00e9tait une autre perc\u00e9e dans la technologie de la lecture. Les livres enregistr\u00e9s sur une bande magn\u00e9tique ont permis un temps de lecture plus long. Les lecteurs de bande magn\u00e9tique ont \u00e9volu\u00e9 au cours de la p\u00e9riode&#8230;. <a class=\"view-article\" href=\"https:\/\/thatallmayread.ca\/fr\/explore-history\/within-living-memory\/reading-by-sound\/\">View Article<\/a>","protected":false},"author":3,"featured_media":0,"parent":38,"menu_order":2,"comment_status":"closed","ping_status":"closed","template":"","meta":{"_acf_changed":false,"footnotes":""},"class_list":["post-624","page","type-page","status-publish","hentry"],"acf":[],"_links":{"self":[{"href":"https:\/\/thatallmayread.ca\/fr\/wp-json\/wp\/v2\/pages\/624","targetHints":{"allow":["GET"]}}],"collection":[{"href":"https:\/\/thatallmayread.ca\/fr\/wp-json\/wp\/v2\/pages"}],"about":[{"href":"https:\/\/thatallmayread.ca\/fr\/wp-json\/wp\/v2\/types\/page"}],"author":[{"embeddable":true,"href":"https:\/\/thatallmayread.ca\/fr\/wp-json\/wp\/v2\/users\/3"}],"replies":[{"embeddable":true,"href":"https:\/\/thatallmayread.ca\/fr\/wp-json\/wp\/v2\/comments?post=624"}],"version-history":[{"count":47,"href":"https:\/\/thatallmayread.ca\/fr\/wp-json\/wp\/v2\/pages\/624\/revisions"}],"predecessor-version":[{"id":2078,"href":"https:\/\/thatallmayread.ca\/fr\/wp-json\/wp\/v2\/pages\/624\/revisions\/2078"}],"up":[{"embeddable":true,"href":"https:\/\/thatallmayread.ca\/fr\/wp-json\/wp\/v2\/pages\/38"}],"wp:attachment":[{"href":"https:\/\/thatallmayread.ca\/fr\/wp-json\/wp\/v2\/media?parent=624"}],"curies":[{"name":"wp","href":"https:\/\/api.w.org\/{rel}","templated":true}]}}