{"id":707,"date":"2017-05-25T17:07:55","date_gmt":"2017-05-25T21:07:55","guid":{"rendered":"http:\/\/thatallmayread.ca\/?page_id=707"},"modified":"2017-09-07T08:28:44","modified_gmt":"2017-09-07T12:28:44","slug":"library-users","status":"publish","type":"page","link":"https:\/\/thatallmayread.ca\/fr\/explore-history\/1919-1905\/library-users\/","title":{"rendered":"Utilisateurs de la biblioth\u00e8que"},"content":{"rendered":"[A1] L\u2019acc\u00e8s aux livres de la Biblioth\u00e8que a chang\u00e9 des vies. L\u2019acc\u00e8s au \u00a0journal datant de 1\u00a0934 de l\u2019infirmi\u00e8re Isabel\u00a0Scott \u00e9voquant sa visite \u00e0 bord d\u2019un navire-h\u00f4pital pr\u00e8s de la c\u00f4te sud de Terre-Neuve en a \u00e9t\u00e9 un exemple. Elle a fait la connaissance d\u2019une femme aveugle autonome de 60\u00a0ans, dans le petit port du Point aux Gaul, qui \u00e9tait devenue veuve \u00e0 l\u2019\u00e2ge de 30\u00a0ans et qui avait perdu la vue \u00e0 peu pr\u00e8s au m\u00eame moment. \u00ab\u00a0Elle a \u00e9crit pour recevoir des livres et des directives sur le mode d\u2019emploi et elle a appris le braille par correspondance. Elle a re\u00e7u des livres de la Biblioth\u00e8que de Toronto pendant plusieurs ann\u00e9es. Elle a aussi continu\u00e9 \u00e0 faire ses t\u00e2ches m\u00e9nag\u00e8res et \u00e0 tricoter\u00a0\u00bb.<\/p>\n[Q1] [P1] Sherman Swift a personnalis\u00e9 les utilisateurs de la Biblioth\u00e8que d\u2019INCA dans son rapport annuel\u00a0de1939. \u00ab\u00a0Qu\u2019en est-il de cette ch\u00e8re vieille dame qui avait \u00e9t\u00e9 enseignante et qui avait parcouru le monde, apprenant diff\u00e9rentes langues et rencontrant des femmes et des hommes cultiv\u00e9s de nombreux pays\u2026 Elle trouvait que la lecture \u00e0 l\u2019aide de ses doigts \u00e9tait lente, mais elle a continu\u00e9 (et elle le fait toujours) jusqu\u2019\u00e0 ce qu\u2019elle ait connu, elle aussi, la manne des livres parl\u00e9s, tomb\u00e9e du paradis de notre service de Biblioth\u00e8que\u2026\u00a0\u00bb","protected":false},"excerpt":{"rendered":"[A1] L\u2019acc\u00e8s aux livres de la Biblioth\u00e8que a chang\u00e9 des vies. L\u2019acc\u00e8s au \u00a0journal datant de 1\u00a0934 de l\u2019infirmi\u00e8re Isabel\u00a0Scott \u00e9voquant sa visite \u00e0 bord d\u2019un navire-h\u00f4pital pr\u00e8s de la c\u00f4te sud de Terre-Neuve en a \u00e9t\u00e9 un exemple. Elle a fait la connaissance d\u2019une femme aveugle autonome de 60\u00a0ans, dans le petit port du&#8230; <a class=\"view-article\" href=\"https:\/\/thatallmayread.ca\/fr\/explore-history\/1919-1905\/library-users\/\">View Article<\/a>","protected":false},"author":3,"featured_media":0,"parent":36,"menu_order":4,"comment_status":"closed","ping_status":"closed","template":"","meta":{"_acf_changed":false,"footnotes":""},"class_list":["post-707","page","type-page","status-publish","hentry"],"acf":[],"_links":{"self":[{"href":"https:\/\/thatallmayread.ca\/fr\/wp-json\/wp\/v2\/pages\/707","targetHints":{"allow":["GET"]}}],"collection":[{"href":"https:\/\/thatallmayread.ca\/fr\/wp-json\/wp\/v2\/pages"}],"about":[{"href":"https:\/\/thatallmayread.ca\/fr\/wp-json\/wp\/v2\/types\/page"}],"author":[{"embeddable":true,"href":"https:\/\/thatallmayread.ca\/fr\/wp-json\/wp\/v2\/users\/3"}],"replies":[{"embeddable":true,"href":"https:\/\/thatallmayread.ca\/fr\/wp-json\/wp\/v2\/comments?post=707"}],"version-history":[{"count":18,"href":"https:\/\/thatallmayread.ca\/fr\/wp-json\/wp\/v2\/pages\/707\/revisions"}],"predecessor-version":[{"id":2042,"href":"https:\/\/thatallmayread.ca\/fr\/wp-json\/wp\/v2\/pages\/707\/revisions\/2042"}],"up":[{"embeddable":true,"href":"https:\/\/thatallmayread.ca\/fr\/wp-json\/wp\/v2\/pages\/36"}],"wp:attachment":[{"href":"https:\/\/thatallmayread.ca\/fr\/wp-json\/wp\/v2\/media?parent=707"}],"curies":[{"name":"wp","href":"https:\/\/api.w.org\/{rel}","templated":true}]}}